{"id":209,"date":"2020-05-28T10:22:43","date_gmt":"2020-05-28T08:22:43","guid":{"rendered":"http:\/\/manuvision.dk.web04.webtohosting.dk\/?page_id=209"},"modified":"2026-04-10T13:28:33","modified_gmt":"2026-04-10T11:28:33","slug":"childrens-treatment","status":"publish","type":"page","link":"https:\/\/manuvision.es\/ca\/childrens-treatment\/","title":{"rendered":"Children&#8217;s treatment"},"content":{"rendered":"<style>.kb-row-layout-id209_40451f-d4 > .kt-row-column-wrap{align-content:start;}:where(.kb-row-layout-id209_40451f-d4 > .kt-row-column-wrap) > .wp-block-kadence-column{justify-content:start;}.kb-row-layout-id209_40451f-d4 > .kt-row-column-wrap{column-gap:var(--global-kb-gap-none, 0rem );row-gap:var(--global-kb-gap-none, 0rem );max-width:var( --global-content-width, 1350px );padding-left:var(--global-content-edge-padding);padding-right:var(--global-content-edge-padding);padding-top:0px;padding-right:0px;padding-bottom:0px;grid-template-columns:minmax(0, calc(65% - ((var(--global-kb-gap-none, 0rem ) * 1 )\/2)))minmax(0, calc(35% - ((var(--global-kb-gap-none, 0rem ) * 1 )\/2)));}.kb-row-layout-id209_40451f-d4{background-image:linear-gradient(90deg,var(--global-palette9,#ecf2ed) 70%,var(--global-palette8,#dce6e1) 70%);}.kb-row-layout-id209_40451f-d4 > .kt-row-layout-overlay{opacity:0.30;}@media all and (max-width: 1024px), only screen and (min-device-width: 1024px) and (max-device-width: 1366px) and (-webkit-min-device-pixel-ratio: 2) and (hover: none){.kb-row-layout-wrap.wp-block-kadence-rowlayout.kb-row-layout-id209_40451f-d4{background-image:linear-gradient(90deg,var(--global-palette9,#ecf2ed) 75%,var(--global-palette8,#dce6e1) 75%);}}@media all and (max-width: 1024px), only screen and (min-device-width: 1024px) and (max-device-width: 1366px) and (-webkit-min-device-pixel-ratio: 2) and (hover: none){.kb-row-layout-id209_40451f-d4 .kb-blocks-bg-video-container,.kb-row-layout-id209_40451f-d4 .kb-blocks-bg-slider{display:none;}}@media all and (max-width: 1024px){.kb-row-layout-id209_40451f-d4 > .kt-row-column-wrap{column-gap:var(--global-kb-gap-md, 2rem);padding-top:0px;padding-bottom:0px;grid-template-columns:repeat(2, minmax(0, 1fr));}}@media all and (max-width: 767px){.kb-row-layout-id209_40451f-d4 > .kt-row-column-wrap{column-gap:64px;padding-top:0px;padding-bottom:0px;padding-left:0px;grid-template-columns:minmax(0, 1fr);}.kb-row-layout-wrap.wp-block-kadence-rowlayout.kb-row-layout-id209_40451f-d4{background:var(--global-palette9, #ffffff);}.kb-row-layout-id209_40451f-d4 .kb-blocks-bg-video-container,.kb-row-layout-id209_40451f-d4 .kb-blocks-bg-slider{display:none;}}<\/style><div class=\"kb-row-layout-wrap kb-row-layout-id209_40451f-d4 alignnone has-theme-palette9-background-color kt-row-has-bg wp-block-kadence-rowlayout\"><div class=\"kt-row-column-wrap kt-has-2-columns kt-row-layout-equal kt-tab-layout-inherit kt-mobile-layout-row kt-row-valign-top kb-theme-content-width\">\n<style>.kadence-column209_e18d9a-98 > .kt-inside-inner-col,.kadence-column209_e18d9a-98 > .kt-inside-inner-col:before{border-top-left-radius:0px;border-top-right-radius:0px;border-bottom-right-radius:0px;border-bottom-left-radius:0px;}.kadence-column209_e18d9a-98 > .kt-inside-inner-col{column-gap:var(--global-kb-gap-sm, 1rem);}.kadence-column209_e18d9a-98 > .kt-inside-inner-col{flex-direction:column;}.kadence-column209_e18d9a-98 > .kt-inside-inner-col > .aligncenter{width:100%;}.kadence-column209_e18d9a-98 > .kt-inside-inner-col:before{opacity:0.3;}.kadence-column209_e18d9a-98{position:relative;}@media all and (max-width: 1024px){.kadence-column209_e18d9a-98 > .kt-inside-inner-col{flex-direction:column;justify-content:center;}}@media all and (max-width: 767px){.kadence-column209_e18d9a-98 > .kt-inside-inner-col{flex-direction:column;justify-content:center;}}<\/style>\n<div class=\"wp-block-kadence-column kadence-column209_e18d9a-98\"><div class=\"kt-inside-inner-col\"><style>.kadence-column209_592333-7d > .kt-inside-inner-col,.kadence-column209_592333-7d > .kt-inside-inner-col:before{border-top-left-radius:0px;border-top-right-radius:0px;border-bottom-right-radius:0px;border-bottom-left-radius:0px;}.kadence-column209_592333-7d > .kt-inside-inner-col{column-gap:var(--global-kb-gap-sm, 1rem);}.kadence-column209_592333-7d > .kt-inside-inner-col{flex-direction:column;}.kadence-column209_592333-7d > .kt-inside-inner-col > .aligncenter{width:100%;}.kadence-column209_592333-7d > .kt-inside-inner-col:before{opacity:0.3;}.kadence-column209_592333-7d{position:relative;}.kadence-column209_592333-7d, .kt-inside-inner-col > .kadence-column209_592333-7d:not(.specificity){margin-top:var(--global-kb-spacing-md, 2rem);margin-right:var(--global-kb-spacing-md, 2rem);margin-bottom:var(--global-kb-spacing-md, 2rem);}@media all and (max-width: 1024px){.kadence-column209_592333-7d > .kt-inside-inner-col{flex-direction:column;justify-content:center;}}@media all and (max-width: 1024px){.kadence-column209_592333-7d, .kt-inside-inner-col > .kadence-column209_592333-7d:not(.specificity){margin-left:0px;}}@media all and (max-width: 767px){.kadence-column209_592333-7d > .kt-inside-inner-col{flex-direction:column;justify-content:center;}.kadence-column209_592333-7d, .kt-inside-inner-col > .kadence-column209_592333-7d:not(.specificity){margin-left:var(--global-kb-spacing-md, 2rem);}}<\/style>\n<div class=\"wp-block-kadence-column kadence-column209_592333-7d\"><div class=\"kt-inside-inner-col\">\n<h2 class=\"wp-block-heading\">Manuvision t\u00e9 una \u00e0mplia experi\u00e8ncia i bons resultats en el tractament d\u2019infants amb ter\u00e0pia corporal, de totes les edats, des de nadons fins a adolescents.<\/h2>\n\n\n<style>.kb-image209_b67ca8-1f .kb-image-has-overlay:after{opacity:0.3;}<\/style>\n<figure class=\"wp-block-kadence-image kb-image209_b67ca8-1f size-large\"><img decoding=\"async\" width=\"1024\" height=\"683\" src=\"https:\/\/manuvision.dk\/wp-content\/uploads\/boernebehandling-2-scaled-1-1024x683.jpg\" alt=\"\" class=\"kb-img wp-image-947\" srcset=\"\" sizes=\"(max-width: 1024px) 100vw, 1024px\" data-srcset=\"\" \/><\/figure>\n\n\n\n<p>Els infants, igual que els adults, a vegades necessiten una ajuda per alliberar desequilibris al cos. La ter\u00e0pia corporal Manuvision ajuda infants que pateixen dolor i tot tipus de mol\u00e8sties, des de dolors de creixement, rigidesa corporal, inquietud o suors nocturns, fins a problemes psicol\u00f2gics com l\u2019ansietat, la depressi\u00f3 o el TDAH.<\/p>\n\n\n\n<p>El tractament no \u00e9s invasiu ni desagradable per a l\u2019infant. Treballem el sistema nervi\u00f3s relaxant els m\u00fasculs, cosa que permet alliberar tensions i bloquejos.<\/p>\n\n\n\n<p>Un avantatge del tractament infantil \u00e9s que els efectes solen notar-se r\u00e0pidament i que sovint \u00e9s possible tractar o prevenir desequilibris incipients a l\u2019esquena i al sistema musculoesquel\u00e8tic, que d\u2019altra manera podrien convertir-se en problemes a l\u2019edat adulta.<\/p>\n\n\n\n<p>En el tractament d\u2019infants que han estat exposats a xoc i trauma o que conviuen amb diagn\u00f2stics psiqui\u00e0trics, Manuvision ofereix un complement a les solucions que proporciona el sistema sanitari.<\/p>\n\n\n\n<p>El tractament infantil sol realitzar-se amb almenys un dels pares present i sempre s\u2019adapta a l\u2019etapa de desenvolupament en qu\u00e8 es troba l\u2019infant.<\/p>\n\n\n\n<p>Posem un \u00e8mfasi especial en qu\u00e8 sigui una experi\u00e8ncia suau i segura tant per a l\u2019infant com per als pares.<\/p>\n\n\n<style>.kb-row-layout-id209_3b93d8-b0 > .kt-row-column-wrap{align-content:start;}:where(.kb-row-layout-id209_3b93d8-b0 > .kt-row-column-wrap) > .wp-block-kadence-column{justify-content:start;}.kb-row-layout-id209_3b93d8-b0 > .kt-row-column-wrap{column-gap:var(--global-kb-gap-sm, 1rem);row-gap:var(--global-kb-gap-sm, 1rem);max-width:var( --global-content-width, 1350px );padding-left:var(--global-content-edge-padding);padding-right:var(--global-content-edge-padding);padding-top:0px;padding-right:0px;padding-bottom:0px;padding-left:0px;grid-template-columns:minmax(0, calc(50% - ((var(--global-kb-gap-sm, 1rem) * 1 )\/2)))minmax(0, calc(50% - ((var(--global-kb-gap-sm, 1rem) * 1 )\/2)));}.kb-row-layout-id209_3b93d8-b0 > .kt-row-layout-overlay{opacity:0.30;}@media all and (max-width: 1024px){.kb-row-layout-id209_3b93d8-b0 > .kt-row-column-wrap{column-gap:var(--global-kb-gap-sm, 1rem);row-gap:var(--global-kb-gap-sm, 1rem);padding-top:0px;padding-bottom:0px;grid-template-columns:repeat(2, minmax(0, 1fr));}}@media all and (max-width: 767px){.kb-row-layout-id209_3b93d8-b0 > .kt-row-column-wrap{column-gap:var(--global-kb-gap-sm, 1rem);row-gap:var(--global-kb-gap-sm, 1rem);padding-top:0px;padding-bottom:0px;grid-template-columns:minmax(0, 1fr);}}<\/style><div class=\"kb-row-layout-wrap kb-row-layout-id209_3b93d8-b0 alignnone wp-block-kadence-rowlayout\"><div class=\"kt-row-column-wrap kt-has-2-columns kt-row-layout-equal kt-tab-layout-inherit kt-mobile-layout-row kt-row-valign-top kb-theme-content-width\">\n<style>.kadence-column209_e60b7c-da > .kt-inside-inner-col,.kadence-column209_e60b7c-da > .kt-inside-inner-col:before{border-top-left-radius:0px;border-top-right-radius:0px;border-bottom-right-radius:0px;border-bottom-left-radius:0px;}.kadence-column209_e60b7c-da > .kt-inside-inner-col{column-gap:var(--global-kb-gap-sm, 1rem);}.kadence-column209_e60b7c-da > .kt-inside-inner-col{flex-direction:column;}.kadence-column209_e60b7c-da > .kt-inside-inner-col > .aligncenter{width:100%;}.kadence-column209_e60b7c-da > .kt-inside-inner-col:before{opacity:0.3;}.kadence-column209_e60b7c-da{position:relative;}@media all and (max-width: 1024px){.kadence-column209_e60b7c-da > .kt-inside-inner-col{flex-direction:column;justify-content:center;}}@media all and (max-width: 767px){.kadence-column209_e60b7c-da > .kt-inside-inner-col{flex-direction:column;justify-content:center;}}<\/style>\n<div class=\"wp-block-kadence-column kadence-column209_e60b7c-da\"><div class=\"kt-inside-inner-col\"><style>.kb-image209_f76ad4-a0 .kb-image-has-overlay:after{opacity:0.3;}<\/style>\n<figure class=\"wp-block-kadence-image kb-image209_f76ad4-a0 size-large kb-image-is-ratio-size\"><div class=\"kb-is-ratio-image kb-image-ratio-land43\"><img decoding=\"async\" width=\"1024\" height=\"683\" src=\"https:\/\/manuvision.dk\/wp-content\/uploads\/boernebehandling-1-scaled-1-1024x683.jpg\" alt=\"manuvision b\u00f8rnebehandling\" class=\"kb-img wp-image-948\" srcset=\"https:\/\/manuvision.es\/wp-content\/uploads\/boernebehandling-1-scaled-1-1024x683.jpg 1024w, https:\/\/manuvision.es\/wp-content\/uploads\/boernebehandling-1-scaled-1-300x200.jpg 300w, https:\/\/manuvision.es\/wp-content\/uploads\/boernebehandling-1-scaled-1-768x512.jpg 768w, https:\/\/manuvision.es\/wp-content\/uploads\/boernebehandling-1-scaled-1-1536x1024.jpg 1536w, https:\/\/manuvision.es\/wp-content\/uploads\/boernebehandling-1-scaled-1-2048x1366.jpg 2048w\" sizes=\"(max-width: 1024px) 100vw, 1024px\" \/><\/div><\/figure>\n<\/div><\/div>\n\n\n<style>.kadence-column209_b5065e-b5 > .kt-inside-inner-col,.kadence-column209_b5065e-b5 > .kt-inside-inner-col:before{border-top-left-radius:0px;border-top-right-radius:0px;border-bottom-right-radius:0px;border-bottom-left-radius:0px;}.kadence-column209_b5065e-b5 > .kt-inside-inner-col{column-gap:var(--global-kb-gap-sm, 1rem);}.kadence-column209_b5065e-b5 > .kt-inside-inner-col{flex-direction:column;}.kadence-column209_b5065e-b5 > .kt-inside-inner-col > .aligncenter{width:100%;}.kadence-column209_b5065e-b5 > .kt-inside-inner-col:before{opacity:0.3;}.kadence-column209_b5065e-b5{position:relative;}@media all and (max-width: 1024px){.kadence-column209_b5065e-b5 > .kt-inside-inner-col{flex-direction:column;justify-content:center;}}@media all and (max-width: 767px){.kadence-column209_b5065e-b5 > .kt-inside-inner-col{flex-direction:column;justify-content:center;}}<\/style>\n<div class=\"wp-block-kadence-column kadence-column209_b5065e-b5\"><div class=\"kt-inside-inner-col\"><style>.kb-image209_331caf-b4 .kb-image-has-overlay:after{opacity:0.3;}<\/style>\n<figure class=\"wp-block-kadence-image kb-image209_331caf-b4 size-large kb-image-is-ratio-size\"><div class=\"kb-is-ratio-image kb-image-ratio-land43\"><img decoding=\"async\" width=\"1024\" height=\"683\" src=\"https:\/\/manuvision.dk\/wp-content\/uploads\/DSC_8032-scaled-1-1024x683.jpg\" alt=\"manuvision b\u00f8rnebehandling k\u00f8benhavn\" class=\"kb-img wp-image-950\" srcset=\"https:\/\/manuvision.es\/wp-content\/uploads\/DSC_8032-scaled-1-1024x683.jpg 1024w, https:\/\/manuvision.es\/wp-content\/uploads\/DSC_8032-scaled-1-300x200.jpg 300w, https:\/\/manuvision.es\/wp-content\/uploads\/DSC_8032-scaled-1-768x512.jpg 768w, https:\/\/manuvision.es\/wp-content\/uploads\/DSC_8032-scaled-1-1536x1024.jpg 1536w, https:\/\/manuvision.es\/wp-content\/uploads\/DSC_8032-scaled-1-2048x1366.jpg 2048w\" sizes=\"(max-width: 1024px) 100vw, 1024px\" \/><\/div><\/figure>\n<\/div><\/div>\n\n<\/div><\/div><\/div><\/div>\n<\/div><\/div>\n\n\n<style>.kadence-column209_e9fb43-71 > .kt-inside-inner-col{padding-top:var(--global-kb-spacing-lg, 3rem);padding-right:var(--global-kb-spacing-md, 2rem);padding-bottom:var(--global-kb-spacing-lg, 3rem);padding-left:var(--global-kb-spacing-md, 2rem);}.kadence-column209_e9fb43-71 > .kt-inside-inner-col,.kadence-column209_e9fb43-71 > .kt-inside-inner-col:before{border-top-left-radius:0px;border-top-right-radius:0px;border-bottom-right-radius:0px;border-bottom-left-radius:0px;}.kadence-column209_e9fb43-71 > .kt-inside-inner-col{column-gap:var(--global-kb-gap-sm, 1rem);}.kadence-column209_e9fb43-71 > .kt-inside-inner-col{flex-direction:column;}.kadence-column209_e9fb43-71 > .kt-inside-inner-col > .aligncenter{width:100%;}.kadence-column209_e9fb43-71 > .kt-inside-inner-col{background-color:var(--global-palette8, #F7FAFC);}.kadence-column209_e9fb43-71 > .kt-inside-inner-col:before{opacity:0.3;}.kadence-column209_e9fb43-71{position:relative;}@media all and (max-width: 1024px){.kadence-column209_e9fb43-71 > .kt-inside-inner-col{flex-direction:column;justify-content:center;}}@media all and (max-width: 767px){.kadence-column209_e9fb43-71 > .kt-inside-inner-col{flex-direction:column;justify-content:center;}}<\/style>\n<div class=\"wp-block-kadence-column kadence-column209_e9fb43-71\"><div class=\"kt-inside-inner-col\"><style>.kb-row-layout-id9106_cfd9a7-71 > .kt-row-column-wrap{align-content:start;}:where(.kb-row-layout-id9106_cfd9a7-71 > .kt-row-column-wrap) > .wp-block-kadence-column{justify-content:start;}.kb-row-layout-id9106_cfd9a7-71 > .kt-row-column-wrap{column-gap:var(--global-kb-gap-sm, 1rem);row-gap:var(--global-kb-gap-sm, 1rem);max-width:var( --global-content-width, 1350px );padding-left:var(--global-content-edge-padding);padding-right:var(--global-content-edge-padding);padding-top:0px;padding-right:0px;padding-bottom:0px;padding-left:0px;grid-template-columns:minmax(0, 1fr);}.kb-row-layout-id9106_cfd9a7-71 > .kt-row-layout-overlay{opacity:0.30;}@media all and (max-width: 1024px){.kb-row-layout-id9106_cfd9a7-71 > .kt-row-column-wrap{column-gap:var(--global-kb-gap-sm, 1rem);row-gap:var(--global-kb-gap-sm, 1rem);padding-top:0px;padding-bottom:0px;grid-template-columns:minmax(0, 1fr);}}@media all and (max-width: 767px){.kb-row-layout-id9106_cfd9a7-71 > .kt-row-column-wrap{column-gap:var(--global-kb-gap-sm, 1rem);row-gap:var(--global-kb-gap-sm, 1rem);padding-top:0px;padding-bottom:0px;grid-template-columns:minmax(0, 1fr);}}<\/style><div class=\"kb-row-layout-wrap kb-row-layout-id9106_cfd9a7-71 alignnone wp-block-kadence-rowlayout\"><div class=\"kt-row-column-wrap kt-has-1-columns kt-row-layout-equal kt-tab-layout-inherit kt-mobile-layout-row kt-row-valign-top kb-theme-content-width\">\n<style>.kadence-column9106_81fdf8-02 > .kt-inside-inner-col,.kadence-column9106_81fdf8-02 > .kt-inside-inner-col:before{border-top-left-radius:0px;border-top-right-radius:0px;border-bottom-right-radius:0px;border-bottom-left-radius:0px;}.kadence-column9106_81fdf8-02 > .kt-inside-inner-col{column-gap:var(--global-kb-gap-sm, 1rem);}.kadence-column9106_81fdf8-02 > .kt-inside-inner-col{flex-direction:column;}.kadence-column9106_81fdf8-02 > .kt-inside-inner-col > .aligncenter{width:100%;}.kadence-column9106_81fdf8-02 > .kt-inside-inner-col:before{opacity:0.3;}.kadence-column9106_81fdf8-02{position:relative;}@media all and (max-width: 1024px){.kadence-column9106_81fdf8-02 > .kt-inside-inner-col{flex-direction:column;justify-content:center;}}@media all and (max-width: 767px){.kadence-column9106_81fdf8-02 > .kt-inside-inner-col{flex-direction:column;justify-content:center;}}<\/style>\n<div class=\"wp-block-kadence-column kadence-column9106_81fdf8-02\"><div class=\"kt-inside-inner-col\"><style>.kb-image9106_bdce4a-63 .kb-image-has-overlay:after{opacity:0.3;}<\/style>\n<figure class=\"wp-block-kadence-image kb-image9106_bdce4a-63 size-large\"><img decoding=\"async\" width=\"1024\" height=\"320\" src=\"https:\/\/manuvision.dk\/wp-content\/uploads\/Kropsterapi_h\u251c\u00a9jre_banner-1024x320.jpg\" alt=\"\" class=\"kb-img wp-image-9681\" srcset=\"\" sizes=\"(max-width: 1024px) 100vw, 1024px\" data-srcset=\"\" \/><\/figure>\n\n\n\n<h3 class=\"wp-block-heading\">Tractem en molts pa\u00efsos.<\/h3>\n\n\n\n<p>Pots llegir sobre l\u2019experi\u00e8ncia i les compet\u00e8ncies dels terapeutes individuals i trobar el\/la <a href=\"https:\/\/manuvision.es\/ca\/find-your-therapist\/\" data-type=\"page\" data-id=\"14186\">Terapeuta de Manuvision<\/a>, que s\u2019adapta a les teves necessitats.<\/p>\n\n\n<style>.kb-image9106_84418b-39 .kb-image-has-overlay:after{opacity:0.3;}<\/style>\n<figure class=\"wp-block-kadence-image kb-image9106_84418b-39 size-full\"><img decoding=\"async\" width=\"2000\" height=\"1333\" src=\"https:\/\/manuvision.es\/wp-content\/uploads\/Para-web_13.jpg\" alt=\"\" class=\"kb-img wp-image-14279\" srcset=\"https:\/\/manuvision.es\/wp-content\/uploads\/Para-web_13.jpg 2000w, https:\/\/manuvision.es\/wp-content\/uploads\/Para-web_13-300x200.jpg 300w, https:\/\/manuvision.es\/wp-content\/uploads\/Para-web_13-1024x682.jpg 1024w, https:\/\/manuvision.es\/wp-content\/uploads\/Para-web_13-768x512.jpg 768w, https:\/\/manuvision.es\/wp-content\/uploads\/Para-web_13-1536x1024.jpg 1536w, https:\/\/manuvision.es\/wp-content\/uploads\/Para-web_13-18x12.jpg 18w\" sizes=\"(max-width: 2000px) 100vw, 2000px\" \/><\/figure>\n\n\n<style>.wp-block-kadence-advancedbtn.kb-btns9106_2017b6-7f{gap:var(--global-kb-gap-xs, 0.5rem );justify-content:flex-start;align-items:center;}.kt-btns9106_2017b6-7f .kt-button{font-weight:normal;font-style:normal;}.kt-btns9106_2017b6-7f .kt-btn-wrap-0{margin-right:5px;}.wp-block-kadence-advancedbtn.kt-btns9106_2017b6-7f .kt-btn-wrap-0 .kt-button{color:#555555;border-color:#555555;}.wp-block-kadence-advancedbtn.kt-btns9106_2017b6-7f .kt-btn-wrap-0 .kt-button:hover, .wp-block-kadence-advancedbtn.kt-btns9106_2017b6-7f .kt-btn-wrap-0 .kt-button:focus{color:#ffffff;border-color:#444444;}.wp-block-kadence-advancedbtn.kt-btns9106_2017b6-7f .kt-btn-wrap-0 .kt-button::before{display:none;}.wp-block-kadence-advancedbtn.kt-btns9106_2017b6-7f .kt-btn-wrap-0 .kt-button:hover, .wp-block-kadence-advancedbtn.kt-btns9106_2017b6-7f .kt-btn-wrap-0 .kt-button:focus{background:#444444;}<\/style>\n<div class=\"wp-block-kadence-advancedbtn kb-buttons-wrap kb-btns9106_2017b6-7f\"><style>ul.menu .wp-block-kadence-advancedbtn .kb-btn9106_19f907-40.kb-button{width:initial;}.kb-btn9106_19f907-40.kb-button .kb-svg-icon-wrap{font-size:28px;--kb-button-icon-size:28px;}<\/style><a class=\"kb-button kt-button button kb-btn9106_19f907-40 kt-btn-size-standard kt-btn-width-type-full kb-btn-global-inherit  kt-btn-has-text-true kt-btn-has-svg-false  wp-block-button__link wp-block-kadence-singlebtn\" href=\"https:\/\/manuvision.es\/ca\/find-your-therapist\/\"><span class=\"kt-btn-inner-text\">Troba el teu TERAPEUTA<\/span><\/a><\/div>\n\n\n<style>.kb-image9106_f73c41-90 .kb-image-has-overlay:after{opacity:0.3;}<\/style>\n<figure class=\"wp-block-kadence-image kb-image9106_f73c41-90 size-large\"><img decoding=\"async\" width=\"1024\" height=\"320\" src=\"https:\/\/manuvision.es\/wp-content\/uploads\/HEADER_WEB4-2048x640-1-1024x320.png\" alt=\"\" class=\"kb-img wp-image-14038\" srcset=\"\" sizes=\"(max-width: 1024px) 100vw, 1024px\" data-srcset=\"\" \/><\/figure>\n\n\n\n<p>La ter\u00e0pia corporal Manuvision ha estat el focus del primer projecte de recerca en ter\u00e0pia corporal a Dinamarca, realitzat per l\u2019Institut Nacional de Salut P\u00fablica (SDU) en col\u00b7laboraci\u00f3 amb la Psiquiatria de la Regi\u00f3 Capital de Dinamarca. Els resultats de la recerca mostren que 6 mesos de ter\u00e0pia corporal Manuvision poden reduir o eliminar completament els s\u00edmptomes de TEPT en veterans de guerra amb TEPT. Llegir m\u00e9s: <a href=\"\/ca\/research-into-the-effects-of-manuvision-body-therapy\/\" data-type=\"page\" data-id=\"8776\">Recerca sobre la ter\u00e0pia corporal Manuvision<\/a><\/p>\n\n\n<style>.wp-block-kadence-image.kb-image9106_5f1df9-94:not(.kb-specificity-added):not(.kb-extra-specificity-added){margin-top:var(--global-kb-spacing-md, 2rem);}.kb-image9106_5f1df9-94 .kb-image-has-overlay:after{opacity:0.3;}<\/style>\n<figure class=\"wp-block-kadence-image kb-image9106_5f1df9-94 size-full\"><img decoding=\"async\" width=\"600\" height=\"800\" src=\"https:\/\/manuvision.dk\/wp-content\/uploads\/podcast.jpg\" alt=\"\" class=\"kb-img wp-image-9749\" srcset=\"\" sizes=\"(max-width: 600px) 100vw, 600px\" data-srcset=\"\" \/><\/figure>\n\n\n\n<h3 class=\"wp-block-heading\">Podcast sobre ter\u00e0pia corporal<\/h3>\n\n\n\n<p>Manuvision publica podcasts on aprofundeix en temes que exploren la connexi\u00f3 entre cos i ment, i parlem sobre la nostra educaci\u00f3 i formaci\u00f3 continuada. Actualment estem treballant en la traducci\u00f3 d\u2019alguns d\u2019aquests podcasts interessants per a tu.<\/p>\n\n\n<style>.wp-block-kadence-image.kb-image9106_555f28-64:not(.kb-specificity-added):not(.kb-extra-specificity-added){margin-top:var(--global-kb-spacing-md, 2rem);}.kb-image9106_555f28-64 .kb-image-has-overlay:after{opacity:0.3;}<\/style>\n<figure class=\"wp-block-kadence-image kb-image9106_555f28-64 size-large\"><img decoding=\"async\" width=\"768\" height=\"1024\" src=\"https:\/\/manuvision.dk\/wp-content\/uploads\/Nar_kroppen_er_i_krig-768x1024.jpg\" alt=\"\" class=\"kb-img wp-image-10924\" srcset=\"\" sizes=\"(max-width: 768px) 100vw, 768px\" data-srcset=\"\" \/><\/figure>\n\n\n\n<h2 class=\"wp-block-heading\">Llibre sobre tractament del trauma<\/h2>\n\n\n\n<p>Al llibre \u201cQuan el cos est\u00e0 en guerra\u201d recollim els fils de 25 anys de pr\u00e0ctica en tractaments amb les experi\u00e8ncies del projecte de recerca sobre l\u2019efecte de la ter\u00e0pia corporal Manuvision contra el TEPT, realitzat per l\u2019Institut Dan\u00e8s de Salut P\u00fablica (SDU). Presentem el nostre treball amb la consci\u00e8ncia relacional i corporal, aix\u00ed com els principis i t\u00e8cniques que poden regular l\u2019equilibri del sistema nervi\u00f3s i generar canvis en persones exposades a trauma. Tamb\u00e9 estem treballant en la traducci\u00f3 de \u201cQuan el cos est\u00e0 en guerra\u201d.<\/p>\n\n\n<style>.wp-block-kadence-advancedbtn.kb-btns9106_346142-4a{gap:var(--global-kb-gap-xs, 0.5rem );justify-content:flex-start;align-items:center;}.kt-btns9106_346142-4a .kt-button{font-weight:normal;font-style:normal;}.kt-btns9106_346142-4a .kt-btn-wrap-0{margin-right:5px;}.wp-block-kadence-advancedbtn.kt-btns9106_346142-4a .kt-btn-wrap-0 .kt-button{color:#555555;border-color:#555555;}.wp-block-kadence-advancedbtn.kt-btns9106_346142-4a .kt-btn-wrap-0 .kt-button:hover, .wp-block-kadence-advancedbtn.kt-btns9106_346142-4a .kt-btn-wrap-0 .kt-button:focus{color:#ffffff;border-color:#444444;}.wp-block-kadence-advancedbtn.kt-btns9106_346142-4a .kt-btn-wrap-0 .kt-button::before{display:none;}.wp-block-kadence-advancedbtn.kt-btns9106_346142-4a .kt-btn-wrap-0 .kt-button:hover, .wp-block-kadence-advancedbtn.kt-btns9106_346142-4a .kt-btn-wrap-0 .kt-button:focus{background:#444444;}<\/style>\n<div class=\"wp-block-kadence-advancedbtn kb-buttons-wrap kb-btns9106_346142-4a\"><style>ul.menu .wp-block-kadence-advancedbtn .kb-btn9106_fdc0a0-23.kb-button{width:initial;}.kb-btn9106_fdc0a0-23.kb-button .kb-svg-icon-wrap{font-size:28px;--kb-button-icon-size:28px;}<\/style><a class=\"kb-button kt-button button kb-btn9106_fdc0a0-23 kt-btn-size-standard kt-btn-width-type-full kb-btn-global-inherit  kt-btn-has-text-true kt-btn-has-svg-false  wp-block-button__link wp-block-kadence-singlebtn\" href=\"https:\/\/manuvision.es\/ca\/find-your-therapist\/\"><span class=\"kt-btn-inner-text\">Reservar un tractament<\/span><\/a><\/div>\n<\/div><\/div>\n\n<\/div><\/div><\/div><\/div>\n\n<\/div><\/div>","protected":false},"excerpt":{"rendered":"<p>Manuvision has extensive experience and success in treating children with body therapy &#8211; of all ages, from infants to teenagers. Children, just like adults, can need a helping hand to&#8230;<\/p>","protected":false},"author":1,"featured_media":0,"parent":0,"menu_order":0,"comment_status":"closed","ping_status":"closed","template":"","meta":{"_acf_changed":false,"inline_featured_image":false,"_kad_blocks_custom_css":"","_kad_blocks_head_custom_js":"","_kad_blocks_body_custom_js":"","_kad_blocks_footer_custom_js":"","_kad_post_transparent":"","_kad_post_title":"","_kad_post_layout":"","_kad_post_sidebar_id":"","_kad_post_content_style":"","_kad_post_vertical_padding":"","_kad_post_feature":"","_kad_post_feature_position":"","_kad_post_header":false,"_kad_post_footer":false,"_kad_post_classname":"","footnotes":""},"class_list":["post-209","page","type-page","status-publish","hentry"],"acf":[],"taxonomy_info":[],"featured_image_src_large":false,"author_info":{"display_name":"webto","author_link":"https:\/\/manuvision.es\/ca\/author\/webto\/"},"comment_info":0,"_links":{"self":[{"href":"https:\/\/manuvision.es\/ca\/wp-json\/wp\/v2\/pages\/209","targetHints":{"allow":["GET"]}}],"collection":[{"href":"https:\/\/manuvision.es\/ca\/wp-json\/wp\/v2\/pages"}],"about":[{"href":"https:\/\/manuvision.es\/ca\/wp-json\/wp\/v2\/types\/page"}],"author":[{"embeddable":true,"href":"https:\/\/manuvision.es\/ca\/wp-json\/wp\/v2\/users\/1"}],"replies":[{"embeddable":true,"href":"https:\/\/manuvision.es\/ca\/wp-json\/wp\/v2\/comments?post=209"}],"version-history":[{"count":6,"href":"https:\/\/manuvision.es\/ca\/wp-json\/wp\/v2\/pages\/209\/revisions"}],"predecessor-version":[{"id":14046,"href":"https:\/\/manuvision.es\/ca\/wp-json\/wp\/v2\/pages\/209\/revisions\/14046"}],"wp:attachment":[{"href":"https:\/\/manuvision.es\/ca\/wp-json\/wp\/v2\/media?parent=209"}],"curies":[{"name":"wp","href":"https:\/\/api.w.org\/{rel}","templated":true}]}}