{"id":252,"date":"2020-05-28T10:28:53","date_gmt":"2020-05-28T08:28:53","guid":{"rendered":"http:\/\/manuvision.dk.web04.webtohosting.dk\/?page_id=252"},"modified":"2026-04-09T09:46:05","modified_gmt":"2026-04-09T07:46:05","slug":"education-in-shock-trauma-treatment","status":"publish","type":"page","link":"https:\/\/manuvision.es\/ca\/education-in-shock-trauma-treatment\/","title":{"rendered":"Formaci\u00f3 en tractament de xoc i trauma"},"content":{"rendered":"<style>.kb-row-layout-id252_9c4ef0-7b > .kt-row-column-wrap{align-content:start;}:where(.kb-row-layout-id252_9c4ef0-7b > .kt-row-column-wrap) > .wp-block-kadence-column{justify-content:start;}.kb-row-layout-id252_9c4ef0-7b > .kt-row-column-wrap{column-gap:var(--global-kb-gap-none, 0rem );row-gap:var(--global-kb-gap-none, 0rem );max-width:var( --global-content-width, 1350px );padding-left:var(--global-content-edge-padding);padding-right:var(--global-content-edge-padding);padding-top:0px;padding-right:0px;padding-bottom:0px;grid-template-columns:minmax(0, calc(65% - ((var(--global-kb-gap-none, 0rem ) * 1 )\/2)))minmax(0, calc(35% - ((var(--global-kb-gap-none, 0rem ) * 1 )\/2)));}.kb-row-layout-id252_9c4ef0-7b{background-image:linear-gradient(90deg,var(--global-palette9,#ecf2ed) 70%,var(--global-palette8,#dce6e1) 70%);}.kb-row-layout-id252_9c4ef0-7b > .kt-row-layout-overlay{opacity:0.30;}@media all and (max-width: 1024px), only screen and (min-device-width: 1024px) and (max-device-width: 1366px) and (-webkit-min-device-pixel-ratio: 2) and (hover: none){.kb-row-layout-wrap.wp-block-kadence-rowlayout.kb-row-layout-id252_9c4ef0-7b{background-image:linear-gradient(90deg,var(--global-palette9,#ecf2ed) 75%,var(--global-palette8,#dce6e1) 75%);}}@media all and (max-width: 1024px), only screen and (min-device-width: 1024px) and (max-device-width: 1366px) and (-webkit-min-device-pixel-ratio: 2) and (hover: none){.kb-row-layout-id252_9c4ef0-7b .kb-blocks-bg-video-container,.kb-row-layout-id252_9c4ef0-7b .kb-blocks-bg-slider{display:none;}}@media all and (max-width: 1024px){.kb-row-layout-id252_9c4ef0-7b > .kt-row-column-wrap{column-gap:var(--global-kb-gap-md, 2rem);padding-top:0px;padding-bottom:0px;grid-template-columns:repeat(2, minmax(0, 1fr));}}@media all and (max-width: 767px){.kb-row-layout-id252_9c4ef0-7b > .kt-row-column-wrap{column-gap:64px;padding-top:0px;padding-bottom:0px;padding-left:0px;grid-template-columns:minmax(0, 1fr);}.kb-row-layout-wrap.wp-block-kadence-rowlayout.kb-row-layout-id252_9c4ef0-7b{background:var(--global-palette9, #ffffff);}.kb-row-layout-id252_9c4ef0-7b .kb-blocks-bg-video-container,.kb-row-layout-id252_9c4ef0-7b .kb-blocks-bg-slider{display:none;}}<\/style><div class=\"kb-row-layout-wrap kb-row-layout-id252_9c4ef0-7b alignnone has-theme-palette9-background-color kt-row-has-bg wp-block-kadence-rowlayout\"><div class=\"kt-row-column-wrap kt-has-2-columns kt-row-layout-equal kt-tab-layout-inherit kt-mobile-layout-row kt-row-valign-top kt-inner-column-height-full kb-theme-content-width\">\n<style>.kadence-column252_29663d-0f > .kt-inside-inner-col,.kadence-column252_29663d-0f > .kt-inside-inner-col:before{border-top-left-radius:0px;border-top-right-radius:0px;border-bottom-right-radius:0px;border-bottom-left-radius:0px;}.kadence-column252_29663d-0f > .kt-inside-inner-col{column-gap:var(--global-kb-gap-sm, 1rem);}.kadence-column252_29663d-0f > .kt-inside-inner-col{flex-direction:column;}.kadence-column252_29663d-0f > .kt-inside-inner-col > .aligncenter{width:100%;}.kadence-column252_29663d-0f > .kt-inside-inner-col:before{opacity:0.3;}.kadence-column252_29663d-0f{position:relative;}@media all and (max-width: 1024px){.kadence-column252_29663d-0f > .kt-inside-inner-col{flex-direction:column;justify-content:center;}}@media all and (max-width: 767px){.kadence-column252_29663d-0f > .kt-inside-inner-col{flex-direction:column;justify-content:center;}}<\/style>\n<div class=\"wp-block-kadence-column kadence-column252_29663d-0f\"><div class=\"kt-inside-inner-col\"><style>.kadence-column252_eaa71e-ac > .kt-inside-inner-col,.kadence-column252_eaa71e-ac > .kt-inside-inner-col:before{border-top-left-radius:0px;border-top-right-radius:0px;border-bottom-right-radius:0px;border-bottom-left-radius:0px;}.kadence-column252_eaa71e-ac > .kt-inside-inner-col{column-gap:var(--global-kb-gap-sm, 1rem);}.kadence-column252_eaa71e-ac > .kt-inside-inner-col{flex-direction:column;}.kadence-column252_eaa71e-ac > .kt-inside-inner-col > .aligncenter{width:100%;}.kadence-column252_eaa71e-ac > .kt-inside-inner-col:before{opacity:0.3;}.kadence-column252_eaa71e-ac{position:relative;}.kadence-column252_eaa71e-ac, .kt-inside-inner-col > .kadence-column252_eaa71e-ac:not(.specificity){margin-top:var(--global-kb-spacing-md, 2rem);margin-right:var(--global-kb-spacing-md, 2rem);margin-bottom:var(--global-kb-spacing-md, 2rem);}@media all and (max-width: 1024px){.kadence-column252_eaa71e-ac > .kt-inside-inner-col{flex-direction:column;justify-content:center;}}@media all and (max-width: 1024px){.kadence-column252_eaa71e-ac, .kt-inside-inner-col > .kadence-column252_eaa71e-ac:not(.specificity){margin-left:0px;}}@media all and (max-width: 767px){.kadence-column252_eaa71e-ac > .kt-inside-inner-col{flex-direction:column;justify-content:center;}.kadence-column252_eaa71e-ac, .kt-inside-inner-col > .kadence-column252_eaa71e-ac:not(.specificity){margin-left:var(--global-kb-spacing-md, 2rem);}}<\/style>\n<div class=\"wp-block-kadence-column kadence-column252_eaa71e-ac\"><div class=\"kt-inside-inner-col\">\n<h4 class=\"wp-block-heading\">La formaci\u00f3 avan\u00e7ada de Manuvision en xoc i trauma capacita els terapeutes certificats en Manuvision per tractar persones el sistema nervi\u00f3s de les quals s\u2019ha vist debilitat com a conseq\u00fc\u00e8ncia d\u2019experi\u00e8ncies de xoc i trauma. El programa es basa en la nostra experi\u00e8ncia en el tractament de casos greus d\u2019estr\u00e8s i en l\u2019evid\u00e8ncia que avala l\u2019efic\u00e0cia de la ter\u00e0pia corporal de Manuvision en el tractament del TEPT.<\/h4>\n\n\n<style>.kb-image252_bf0949-e1 .kb-image-has-overlay:after{opacity:0.3;}<\/style>\n<figure class=\"wp-block-kadence-image kb-image252_bf0949-e1 size-large\"><img decoding=\"async\" width=\"1024\" height=\"682\" src=\"https:\/\/manuvision.es\/wp-content\/uploads\/Para-web_6-1024x682.jpg\" alt=\"\" class=\"kb-img wp-image-14423\" srcset=\"\" sizes=\"(max-width: 1024px) 100vw, 1024px\" data-srcset=\"\" \/><\/figure>\n\n\n\n<h2 class=\"wp-block-heading\">Formaci\u00f3 especialitzada en el tractament del xoc i el trauma<\/h2>\n\n\n\n<hr class=\"wp-block-separator has-alpha-channel-opacity\"\/>\n\n\n\n<p>Manuvision \u00e9s l\u2019\u00fanic programa de formaci\u00f3 en ter\u00e0pia corporal que ofereix una formaci\u00f3 avan\u00e7ada basada en la recerca per al tractament del xoc i el trauma. Estem orgullosos de transmetre els nostres coneixements i t\u00e8cniques basats en l\u2019evid\u00e8ncia als terapeutes de Manuvision que volen especialitzar-se en el tractament de casos greus d\u2019estr\u00e8s, ansietat i depressi\u00f3.<\/p>\n\n\n\n<p><strong>I<\/strong>En la formaci\u00f3 de Ter\u00e0pia Corporal Manuvision, aprendr\u00e0s principalment a tractar s\u00edmptomes d\u2019estr\u00e8s en persones amb un sistema nervi\u00f3s equilibrat. En el curs de \u201cXoc i Trauma\u201d, ens centrem espec\u00edficament en el tractament de persones amb un sistema nervi\u00f3s debilitat. Aquestes seran, generalment, persones que:<\/p>\n\n\n\n<ul class=\"wp-block-list\">\n<li>Han estat v\u00edctimes d\u2019accidents inesperats, violaci\u00f3, viol\u00e8ncia o una inf\u00e0ncia dif\u00edcil<\/li>\n\n\n\n<li>Pateixen TEPT o casos greus d\u2019estr\u00e8s, ansietat i depressi\u00f3<\/li>\n\n\n\n<li>S\u00f3n fills de pares amb TEPT o amb casos greus d\u2019ansietat i depressi\u00f3<\/li>\n<\/ul>\n\n\n\n<p><strong>El programa es divideix en dos blocs de dos m\u00f2duls cadascun.<\/strong><\/p>\n\n\n\n<p>Bloc 1: <strong>Tractament del TEPT = M\u00f2duls 1 i 2<\/strong><\/p>\n\n\n\n<p><strong>Curs Manuvision Xoc\/Trauma \u2013 M\u00f2dul 1<\/strong><br>Contingut: Adquirir\u00e0s una comprensi\u00f3 del sistema nervi\u00f3s a trav\u00e9s de la teoria i la pr\u00e0ctica, una introducci\u00f3 pr\u00e0ctica a m\u00e8todes, exercicis i eines de regulaci\u00f3 per treballar amb estr\u00e8s de primer i segon grau. A m\u00e9s, obtindr\u00e0s una comprensi\u00f3 m\u00e9s profunda dels mecanismes de defensa immediats del cos. Des d\u2019aquest m\u00f2dul tamb\u00e9 treballarem amb la pr\u00e0ctica del terapeuta i el cam\u00ed per convertir-se en un \u201csuperregulador\u201d.\nResultat: Ser\u00e0s capa\u00e7 de treballar amb estats de TEPT m\u00e9s lleus (hiperactivaci\u00f3).<\/p>\n\n\n\n<p><strong>Curs Manuvision Xoc\/Trauma \u2013 M\u00f2dul 2<\/strong><br>Contingut: Aprofundir\u00e0s en la comprensi\u00f3 de l\u2019empatia i la paradoxa del canvi; aprendr\u00e0s a passar de les paraules als estats d\u2019activaci\u00f3 i sensacions; desenvolupar\u00e0s recursos a trav\u00e9s d\u2019habilitats sensoriomotores i la interocepci\u00f3; i realitzar\u00e0s exercicis de delimitaci\u00f3 i espai personal.<br>Resultat: Ser\u00e0s capa\u00e7 de treballar amb estats de TEPT m\u00e9s profunds (hiperactivaci\u00f3).<\/p>\n\n\n\n<p><\/p>\n\n\n\n<p><strong>Bloc 2: Tractament del TEPT complex = M\u00f2duls 3 i 4<\/strong><\/p>\n\n\n\n<p><strong>Curs Manuvision Xoc\/Trauma \u2013 M\u00f2dul 3<\/strong><br>Contingut: A trav\u00e9s de la teoria i la pr\u00e0ctica, adquirir\u00e0s una comprensi\u00f3 del sistema nervi\u00f3s desorganitzat i del cervell tri\u00fa, aix\u00ed com del significat del trauma d\u2019aferrament, el nen interior i els estats de vergonya. Treballarem amb exercicis de construcci\u00f3 de recursos, incloent una introducci\u00f3 als exercicis neoc\u00e8ntrics, aix\u00ed com la diferenciaci\u00f3 d\u2019emocions, sensacions i patrons d\u2019aferrament.<br>Resultat: Adquirir\u00e0s una comprensi\u00f3 i comen\u00e7ar\u00e0s a treballar amb el TEPT complex, el trauma infantil i els estats d\u2019hipoactivaci\u00f3.<\/p>\n\n\n\n<p><strong>Curs Manuvision Xoc\/Trauma \u2013 M\u00f2dul 4<\/strong><br>Contingut: Posarem un \u00e8mfasi especial en com dosificar la intervenci\u00f3 en el trauma, amb exercicis interoceptius i diferenciaci\u00f3 de les nostres pr\u00f2pies emocions i sensacions. Mitjan\u00e7ant exercicis de relaci\u00f3 i delimitaci\u00f3, aprofundirem en la comprensi\u00f3 de la interacci\u00f3 entre els recursos i l\u2019aferrament.\nResultat: Ser\u00e0s capa\u00e7 de treballar amb el TEPT complex, el trauma infantil i la dosificaci\u00f3 en l\u2019abordatge del trauma.<br>El curs finalitza amb un examen.<\/p>\n\n\n\n<p><\/p>\n\n\n\n<h2 class=\"wp-block-heading\">La formaci\u00f3 es basa en la recerca sobre la ter\u00e0pia corporal de Manuvision en el tractament del TEPT.<\/h2>\n\n\n\n<p>Quan una persona est\u00e0 exposada a situacions de xoc i trauma, la part del sistema nervi\u00f3s encarregada de la interacci\u00f3 social i de la relaci\u00f3 amb l\u2019entorn es debilita, cosa que pot derivar en TEPT o en casos greus d\u2019estr\u00e8s, ansietat i depressi\u00f3. A trav\u00e9s del nostre treball i recerca en el tractament de casos greus d\u2019estr\u00e8s i TEPT, Manuvision ha desenvolupat t\u00e8cniques espec\u00edfiques per treballar a trav\u00e9s del sistema nervi\u00f3s i ajudar la persona afectada a sortir d\u2019estats f\u00edsics i psicol\u00f2gics complexos. <\/p>\n\n\n\n<p>Llegir m\u00e9s: <a href=\"\/ca\/research-into-the-effects-of-manuvision-body-therapy\/\" data-type=\"page\" data-id=\"8776\">Recerca sobre el TEPT<\/a><\/p>\n\n\n\n<h2 class=\"wp-block-heading\">Apr\u00e8n a tractar el xoc i el trauma<\/h2>\n\n\n\n<hr class=\"wp-block-separator has-alpha-channel-opacity\"\/>\n\n\n\n<p>En aquest programa de formaci\u00f3, basat en aquest coneixement especialitzat, t\u2019ensenyarem a tractar els s\u00edmptomes associats a un sistema nervi\u00f3s debilitat com a conseq\u00fc\u00e8ncia del xoc i el trauma. Aquests inclouen s\u00edmptomes psicol\u00f2gics i f\u00edsics com:<\/p>\n\n\n\n<ul class=\"wp-block-list\">\n<li>Inquietud, pensaments accelerats i dificultats de mem\u00f2ria<\/li>\n\n\n\n<li>Tend\u00e8ncia a l\u2019a\u00efllament<\/li>\n\n\n\n<li>Trastorns del son i malsons<\/li>\n\n\n\n<li>Ansietat<\/li>\n\n\n\n<li>Depressi\u00f3<\/li>\n\n\n\n<li>Mareig i dificultat per respirar<\/li>\n\n\n\n<li>Dolor muscular i articular<\/li>\n\n\n\n<li>Problemes digestius<\/li>\n<\/ul>\n\n\n\n<h2 class=\"wp-block-heading\">La formaci\u00f3 inclou:<\/h2>\n\n\n\n<ul class=\"wp-block-list\">\n<li>Una introducci\u00f3 pr\u00e0ctica a la lectura de l\u2019activitat del sistema nervi\u00f3s al cos<\/li>\n\n\n\n<li>Introducci\u00f3 a t\u00e8cniques espec\u00edfiques per activar el nervi vague i estabilitzar les reaccions traum\u00e0tiques\nI<\/li>\n\n\n\n<li>Introducci\u00f3 a la creaci\u00f3 i manteniment d\u2019un espai segur en el treball amb persones traumatitzades<\/li>\n\n\n\n<li>Introducci\u00f3 te\u00f2rica al sistema nervi\u00f3s polivagal basada en la recerca de Stephen Porges<\/li>\n\n\n\n<li>El programa es divideix en 4 m\u00f2duls, cadascun amb 4 dies de formaci\u00f3. Els m\u00f2duls es poden cursar individualment (per\u00f2 seguint l\u2019ordre).<\/li>\n\n\n\n<li>Els dos blocs del programa (M\u00f2duls 1+2 i M\u00f2duls 3+4) finalitzen amb un examen.<\/li>\n<\/ul>\n\n\n\n<h2 class=\"wp-block-heading\">Aprendr\u00e0s a: <\/h2>\n\n\n\n<ul class=\"wp-block-list\">\n<li>dentificar, normalitzar i estabilitzar les reaccions traum\u00e0tiques<\/li>\n\n\n\n<li>Comunicar-te amb el cos i la ment sensible<\/li>\n\n\n\n<li>Identificar la contracci\u00f3 i expansi\u00f3 en les diferents capes del cos i la seva relaci\u00f3 amb el sistema nervi\u00f3s social<\/li>\n\n\n\n<li>Comprendre la relaci\u00f3 entre la respiraci\u00f3, les emocions i el sistema nervi\u00f3s<\/li>\n\n\n\n<li>Diferenciar entre un trauma per xoc i un trauma per estr\u00e8s prolongat<\/li>\n\n\n\n<li><strong>T<\/strong>Treballar amb grups, facilitant din\u00e0miques i intervencions amb persones vulnerables<\/li>\n\n\n\n<li><strong>T<\/strong>Guiar l\u2019atenci\u00f3 cap al cos, tant en tractaments com en meditacions<\/li>\n\n\n\n<li>Regular el teu propi sistema nervi\u00f3s per mantenir-te separat de les reaccions del client<\/li>\n<\/ul>\n\n\n\n<p><\/p>\n\n\n\n<h2 class=\"wp-block-heading\">Requisits d\u2019admissi\u00f3<\/h2>\n\n\n\n<p>Has de ser terapeuta corporal format en Manuvision i treballar amb clients de manera regular. Es valorar\u00e0 positivament tenir experi\u00e8ncia personal amb la meditaci\u00f3 m\u00e9s enll\u00e0 de la formaci\u00f3 formal.<\/p>\n\n\n\n<p>Professorat del programa\nMette Steen Jakobsen, i possiblement instructors externs.<\/p>\n\n\n\n<h2 class=\"wp-block-heading\">Informaci\u00f3 pr\u00e0ctica i dates<\/h2>\n\n\n\n<p>El programa de formaci\u00f3 cont\u00ednua consta de 4 m\u00f2duls, amb 5 dies d\u2019ensenyament intensiu per m\u00f2dul, en dies laborables i caps de setmana. Es preveu la realitzaci\u00f3 de tasques entre els m\u00f2duls.\nEsperem iniciar la propera formaci\u00f3 el 2027. <\/p>\n\n\n\n<p>Per a m\u00e9s informaci\u00f3 sobre dates i preus, pots posar-te en contacte amb nosaltres aqu\u00ed: info@manuvision.es.&nbsp;<a href=\"mailto:info@manuvision.es\" target=\"_blank\" rel=\"noreferrer noopener\">info@manuvision.es<\/a>.<\/p>\n<\/div><\/div>\n<\/div><\/div>\n\n\n<style>.kadence-column252_7fa96f-6c > .kt-inside-inner-col{padding-top:var(--global-kb-spacing-lg, 3rem);padding-right:var(--global-kb-spacing-md, 2rem);padding-bottom:var(--global-kb-spacing-lg, 3rem);padding-left:var(--global-kb-spacing-md, 2rem);}.kadence-column252_7fa96f-6c > .kt-inside-inner-col,.kadence-column252_7fa96f-6c > .kt-inside-inner-col:before{border-top-left-radius:0px;border-top-right-radius:0px;border-bottom-right-radius:0px;border-bottom-left-radius:0px;}.kadence-column252_7fa96f-6c > .kt-inside-inner-col{column-gap:var(--global-kb-gap-sm, 1rem);}.kadence-column252_7fa96f-6c > .kt-inside-inner-col{flex-direction:column;}.kadence-column252_7fa96f-6c > .kt-inside-inner-col > .aligncenter{width:100%;}.kadence-column252_7fa96f-6c > .kt-inside-inner-col{background-color:var(--global-palette8, #F7FAFC);}.kadence-column252_7fa96f-6c > .kt-inside-inner-col:before{opacity:0.3;}.kadence-column252_7fa96f-6c{position:relative;}@media all and (max-width: 1024px){.kadence-column252_7fa96f-6c > .kt-inside-inner-col{flex-direction:column;justify-content:center;}}@media all and (max-width: 767px){.kadence-column252_7fa96f-6c > .kt-inside-inner-col{flex-direction:column;justify-content:center;}}<\/style>\n<div class=\"wp-block-kadence-column kadence-column252_7fa96f-6c\"><div class=\"kt-inside-inner-col\"><style>.kb-image252_1ba787-cf .kb-image-has-overlay:after{opacity:0.3;}<\/style>\n<figure class=\"wp-block-kadence-image kb-image252_1ba787-cf size-full\"><img decoding=\"async\" width=\"1200\" height=\"1200\" src=\"https:\/\/manuvision.es\/wp-content\/uploads\/ChokTraumeEng.png\" alt=\"\" class=\"kb-img wp-image-14543\" srcset=\"https:\/\/manuvision.es\/wp-content\/uploads\/ChokTraumeEng.png 1200w, https:\/\/manuvision.es\/wp-content\/uploads\/ChokTraumeEng-300x300.png 300w, https:\/\/manuvision.es\/wp-content\/uploads\/ChokTraumeEng-1024x1024.png 1024w, https:\/\/manuvision.es\/wp-content\/uploads\/ChokTraumeEng-150x150.png 150w, https:\/\/manuvision.es\/wp-content\/uploads\/ChokTraumeEng-768x768.png 768w, https:\/\/manuvision.es\/wp-content\/uploads\/ChokTraumeEng-12x12.png 12w, https:\/\/manuvision.es\/wp-content\/uploads\/ChokTraumeEng-420x420.png 420w\" sizes=\"(max-width: 1200px) 100vw, 1200px\" \/><\/figure>\n\n\n\n<h3 class=\"wp-block-heading\">Vols saber-ne m\u00e9s?<\/h3>\n\n\n\n<p><br>Escriu-nos a info@manuvision.es.<\/p>\n\n\n<style>.kb-image252_184e16-c5 .kb-image-has-overlay:after{opacity:0.3;}<\/style>\n<figure class=\"wp-block-kadence-image kb-image252_184e16-c5 size-large\"><img decoding=\"async\" width=\"1024\" height=\"320\" src=\"https:\/\/manuvision.es\/wp-content\/uploads\/HEADER_WEB4-2048x640-1-1024x320.png\" alt=\"\" class=\"kb-img wp-image-14038\" srcset=\"\" sizes=\"(max-width: 1024px) 100vw, 1024px\" data-srcset=\"\" \/><\/figure>\n\n\n\n<p>La ter\u00e0pia corporal Manuvision ha estat el focus del primer projecte de recerca en ter\u00e0pia corporal a Dinamarca, realitzat per l\u2019Institut Nacional de Salut P\u00fablica (SDU) en col\u00b7laboraci\u00f3 amb la Psiquiatria de la Regi\u00f3 Capital de Dinamarca. Els resultats de la recerca mostren que 6 mesos de ter\u00e0pia corporal Manuvision poden reduir o eliminar completament els s\u00edmptomes de TEPT en veterans de guerra amb TEPT. Llegir m\u00e9s: <a href=\"\/ca\/research-into-the-effects-of-manuvision-body-therapy\/\" data-type=\"page\" data-id=\"8776\">Recerca sobre la ter\u00e0pia corporal de Manuvision<\/a><\/p>\n\n\n<style>.kb-image252_3bfc31-55 .kb-image-has-overlay:after{opacity:0.3;}<\/style>\n<figure class=\"wp-block-kadence-image kb-image252_3bfc31-55 size-large\"><img decoding=\"async\" width=\"768\" height=\"1024\" src=\"https:\/\/manuvision.dk\/wp-content\/uploads\/Nar_kroppen_er_i_krig-768x1024.jpg\" alt=\"\" class=\"kb-img wp-image-10924\" srcset=\"\" sizes=\"(max-width: 768px) 100vw, 768px\" data-srcset=\"\" \/><\/figure>\n\n\n\n<h2 class=\"wp-block-heading\">Llibre sobre el tractament del trauma<\/h2>\n\n\n\n<p>Al llibre \u201cQuan el cos est\u00e0 en guerra\u201d recollim els fils de 25 anys de pr\u00e0ctica en tractaments amb les experi\u00e8ncies del projecte de recerca sobre l\u2019efecte de la ter\u00e0pia corporal Manuvision contra el TEPT, realitzat per l\u2019Institut Dan\u00e8s de Salut P\u00fablica (SDU). Presentem el nostre treball amb la consci\u00e8ncia relacional i corporal, aix\u00ed com els principis i t\u00e8cniques que poden regular l\u2019equilibri del sistema nervi\u00f3s i generar canvis en persones exposades a trauma. Tamb\u00e9 estem treballant en la traducci\u00f3 de \u201cQuan el cos est\u00e0 en guerra\u201d. <\/p>\n<\/div><\/div>\n\n<\/div><\/div>","protected":false},"excerpt":{"rendered":"<p>Manuvision&#8217;s advanced training in shock\/trauma equips certified Manuvision therapists to treat clients whose nervous systems have been weakened as a result of shock and trauma. The program is based on&#8230;<\/p>","protected":false},"author":1,"featured_media":0,"parent":0,"menu_order":0,"comment_status":"closed","ping_status":"closed","template":"","meta":{"_acf_changed":false,"inline_featured_image":false,"_kad_blocks_custom_css":"","_kad_blocks_head_custom_js":"","_kad_blocks_body_custom_js":"","_kad_blocks_footer_custom_js":"","_kad_post_transparent":"","_kad_post_title":"","_kad_post_layout":"","_kad_post_sidebar_id":"","_kad_post_content_style":"","_kad_post_vertical_padding":"","_kad_post_feature":"","_kad_post_feature_position":"","_kad_post_header":false,"_kad_post_footer":false,"_kad_post_classname":"","footnotes":""},"class_list":["post-252","page","type-page","status-publish","hentry"],"acf":[],"taxonomy_info":[],"featured_image_src_large":false,"author_info":{"display_name":"webto","author_link":"https:\/\/manuvision.es\/ca\/author\/webto\/"},"comment_info":0,"_links":{"self":[{"href":"https:\/\/manuvision.es\/ca\/wp-json\/wp\/v2\/pages\/252","targetHints":{"allow":["GET"]}}],"collection":[{"href":"https:\/\/manuvision.es\/ca\/wp-json\/wp\/v2\/pages"}],"about":[{"href":"https:\/\/manuvision.es\/ca\/wp-json\/wp\/v2\/types\/page"}],"author":[{"embeddable":true,"href":"https:\/\/manuvision.es\/ca\/wp-json\/wp\/v2\/users\/1"}],"replies":[{"embeddable":true,"href":"https:\/\/manuvision.es\/ca\/wp-json\/wp\/v2\/comments?post=252"}],"version-history":[{"count":56,"href":"https:\/\/manuvision.es\/ca\/wp-json\/wp\/v2\/pages\/252\/revisions"}],"predecessor-version":[{"id":14927,"href":"https:\/\/manuvision.es\/ca\/wp-json\/wp\/v2\/pages\/252\/revisions\/14927"}],"wp:attachment":[{"href":"https:\/\/manuvision.es\/ca\/wp-json\/wp\/v2\/media?parent=252"}],"curies":[{"name":"wp","href":"https:\/\/api.w.org\/{rel}","templated":true}]}}