{"id":3451,"date":"2022-02-22T12:10:25","date_gmt":"2022-02-22T11:10:25","guid":{"rendered":"https:\/\/manuvision.dk\/?page_id=3451"},"modified":"2026-04-10T13:28:21","modified_gmt":"2026-04-10T11:28:21","slug":"treatment-of-trauma-and-ptsd","status":"publish","type":"page","link":"https:\/\/manuvision.es\/ca\/treatment-of-trauma-and-ptsd\/","title":{"rendered":"Tractament del trauma i el TEPT"},"content":{"rendered":"<style>.kb-row-layout-id3451_a2b821-0a > .kt-row-column-wrap{align-content:start;}:where(.kb-row-layout-id3451_a2b821-0a > .kt-row-column-wrap) > .wp-block-kadence-column{justify-content:start;}.kb-row-layout-id3451_a2b821-0a > .kt-row-column-wrap{column-gap:var(--global-kb-gap-none, 0rem );row-gap:var(--global-kb-gap-none, 0rem );max-width:var( --global-content-width, 1350px );padding-left:var(--global-content-edge-padding);padding-right:var(--global-content-edge-padding);padding-top:0px;padding-right:0px;padding-bottom:0px;grid-template-columns:minmax(0, calc(65% - ((var(--global-kb-gap-none, 0rem ) * 1 )\/2)))minmax(0, calc(35% - ((var(--global-kb-gap-none, 0rem ) * 1 )\/2)));}.kb-row-layout-id3451_a2b821-0a{background-image:linear-gradient(90deg,var(--global-palette9,#ecf2ed) 70%,var(--global-palette8,#dce6e1) 70%);}.kb-row-layout-id3451_a2b821-0a > .kt-row-layout-overlay{opacity:0.30;}@media all and (max-width: 1024px), only screen and (min-device-width: 1024px) and (max-device-width: 1366px) and (-webkit-min-device-pixel-ratio: 2) and (hover: none){.kb-row-layout-wrap.wp-block-kadence-rowlayout.kb-row-layout-id3451_a2b821-0a{background-image:linear-gradient(90deg,var(--global-palette9,#ecf2ed) 75%,var(--global-palette8,#dce6e1) 75%);}}@media all and (max-width: 1024px), only screen and (min-device-width: 1024px) and (max-device-width: 1366px) and (-webkit-min-device-pixel-ratio: 2) and (hover: none){.kb-row-layout-id3451_a2b821-0a .kb-blocks-bg-video-container,.kb-row-layout-id3451_a2b821-0a .kb-blocks-bg-slider{display:none;}}@media all and (max-width: 1024px){.kb-row-layout-id3451_a2b821-0a > .kt-row-column-wrap{column-gap:var(--global-kb-gap-md, 2rem);padding-top:0px;padding-bottom:0px;grid-template-columns:repeat(2, minmax(0, 1fr));}}@media all and (max-width: 767px){.kb-row-layout-id3451_a2b821-0a > .kt-row-column-wrap{column-gap:64px;padding-top:0px;padding-bottom:0px;padding-left:0px;grid-template-columns:minmax(0, 1fr);}.kb-row-layout-wrap.wp-block-kadence-rowlayout.kb-row-layout-id3451_a2b821-0a{background:var(--global-palette9, #ffffff);}.kb-row-layout-id3451_a2b821-0a .kb-blocks-bg-video-container,.kb-row-layout-id3451_a2b821-0a .kb-blocks-bg-slider{display:none;}}<\/style><div class=\"kb-row-layout-wrap kb-row-layout-id3451_a2b821-0a alignnone has-theme-palette9-background-color kt-row-has-bg wp-block-kadence-rowlayout\"><div class=\"kt-row-column-wrap kt-has-2-columns kt-row-layout-equal kt-tab-layout-inherit kt-mobile-layout-row kt-row-valign-top kb-theme-content-width\">\n<style>.kadence-column3451_a3b5f9-05 > .kt-inside-inner-col,.kadence-column3451_a3b5f9-05 > .kt-inside-inner-col:before{border-top-left-radius:0px;border-top-right-radius:0px;border-bottom-right-radius:0px;border-bottom-left-radius:0px;}.kadence-column3451_a3b5f9-05 > .kt-inside-inner-col{column-gap:var(--global-kb-gap-sm, 1rem);}.kadence-column3451_a3b5f9-05 > .kt-inside-inner-col{flex-direction:column;}.kadence-column3451_a3b5f9-05 > .kt-inside-inner-col > .aligncenter{width:100%;}.kadence-column3451_a3b5f9-05 > .kt-inside-inner-col:before{opacity:0.3;}.kadence-column3451_a3b5f9-05{position:relative;}@media all and (max-width: 1024px){.kadence-column3451_a3b5f9-05 > .kt-inside-inner-col{flex-direction:column;justify-content:center;}}@media all and (max-width: 767px){.kadence-column3451_a3b5f9-05 > .kt-inside-inner-col{flex-direction:column;justify-content:center;}}<\/style>\n<div class=\"wp-block-kadence-column kadence-column3451_a3b5f9-05\"><div class=\"kt-inside-inner-col\"><style>.kadence-column3451_d6512d-7f > .kt-inside-inner-col,.kadence-column3451_d6512d-7f > .kt-inside-inner-col:before{border-top-left-radius:0px;border-top-right-radius:0px;border-bottom-right-radius:0px;border-bottom-left-radius:0px;}.kadence-column3451_d6512d-7f > .kt-inside-inner-col{column-gap:var(--global-kb-gap-sm, 1rem);}.kadence-column3451_d6512d-7f > .kt-inside-inner-col{flex-direction:column;}.kadence-column3451_d6512d-7f > .kt-inside-inner-col > .aligncenter{width:100%;}.kadence-column3451_d6512d-7f > .kt-inside-inner-col:before{opacity:0.3;}.kadence-column3451_d6512d-7f{position:relative;}.kadence-column3451_d6512d-7f, .kt-inside-inner-col > .kadence-column3451_d6512d-7f:not(.specificity){margin-top:var(--global-kb-spacing-md, 2rem);margin-right:var(--global-kb-spacing-md, 2rem);margin-bottom:var(--global-kb-spacing-md, 2rem);}@media all and (max-width: 1024px){.kadence-column3451_d6512d-7f > .kt-inside-inner-col{flex-direction:column;justify-content:center;}}@media all and (max-width: 1024px){.kadence-column3451_d6512d-7f, .kt-inside-inner-col > .kadence-column3451_d6512d-7f:not(.specificity){margin-left:0px;}}@media all and (max-width: 767px){.kadence-column3451_d6512d-7f > .kt-inside-inner-col{flex-direction:column;justify-content:center;}.kadence-column3451_d6512d-7f, .kt-inside-inner-col > .kadence-column3451_d6512d-7f:not(.specificity){margin-left:var(--global-kb-spacing-md, 2rem);}}<\/style>\n<div class=\"wp-block-kadence-column kadence-column3451_d6512d-7f\"><div class=\"kt-inside-inner-col\">\n<h4 class=\"wp-block-heading\">Manuvision t\u00e9 una experi\u00e8ncia especialitzada en el tractament del trauma i el TEPT. Basant-nos en la recerca i l\u2019evid\u00e8ncia, utilitzem t\u00e8cniques de ter\u00e0pia corporal per ajudar a restablir l\u2019equilibri en el sistema nervi\u00f3s.<\/h4>\n\n\n<style>.kb-image3451_5fcb7a-ce.kb-image-is-ratio-size, .kb-image3451_5fcb7a-ce .kb-image-is-ratio-size{max-width:849px;width:100%;}.wp-block-kadence-column > .kt-inside-inner-col > .kb-image3451_5fcb7a-ce.kb-image-is-ratio-size, .wp-block-kadence-column > .kt-inside-inner-col > .kb-image3451_5fcb7a-ce .kb-image-is-ratio-size{align-self:unset;}.kb-image3451_5fcb7a-ce{max-width:849px;}.image-is-svg.kb-image3451_5fcb7a-ce{-webkit-flex:0 1 100%;flex:0 1 100%;}.image-is-svg.kb-image3451_5fcb7a-ce img{width:100%;}.kb-image3451_5fcb7a-ce .kb-image-has-overlay:after{opacity:0.3;}<\/style>\n<figure class=\"wp-block-kadence-image kb-image3451_5fcb7a-ce size-large\"><img decoding=\"async\" width=\"1024\" height=\"682\" src=\"https:\/\/manuvision.es\/wp-content\/uploads\/Para-web_6-1024x682.jpg\" alt=\"\" class=\"kb-img wp-image-14418\" srcset=\"\" sizes=\"(max-width: 1024px) 100vw, 1024px\" data-srcset=\"\" \/><\/figure>\n\n\n\n<p>Les afeccions de salut mental com l\u2019estr\u00e8s, l\u2019ansietat, la depressi\u00f3 i el TEPT sovint tenen el seu origen en el trauma. En un tractament de Manuvision per al TEPT i el trauma, treballem amb les respostes del cos al trauma a trav\u00e9s del sistema nervi\u00f3s.<\/p>\n\n\n\n<p>Estimulem l\u2019activitat de les parts del sistema nervi\u00f3s que ajuden a mantenir el cos en equilibri quan est\u00e0 en estat d\u2019alerta. Quan s\u2019activen les funcions vitals del sistema nervi\u00f3s, la respiraci\u00f3 es torna m\u00e9s lliure, augmenta la capacitat pulmonar, disminueix la freq\u00fc\u00e8ncia card\u00edaca i el cos deixa de consumir tanta energia per mobilitzar els m\u00fasculs i fer circular l\u2019adrenalina i el cortisol pel torrent sanguini. Amb un sistema nervi\u00f3s equilibrat, el cos tamb\u00e9 pot activar els processos de recuperaci\u00f3 necessaris per curar-se a si mateix.<\/p>\n\n\n<style>.wp-block-kadence-advancedbtn.kb-btns3451_e1d865-37{gap:var(--global-kb-gap-xs, 0.5rem );justify-content:flex-start;align-items:center;}.kt-btns3451_e1d865-37 .kt-button{font-weight:normal;font-style:normal;}.kt-btns3451_e1d865-37 .kt-btn-wrap-0{margin-right:5px;}.wp-block-kadence-advancedbtn.kt-btns3451_e1d865-37 .kt-btn-wrap-0 .kt-button{color:#555555;border-color:#555555;}.wp-block-kadence-advancedbtn.kt-btns3451_e1d865-37 .kt-btn-wrap-0 .kt-button:hover, .wp-block-kadence-advancedbtn.kt-btns3451_e1d865-37 .kt-btn-wrap-0 .kt-button:focus{color:#ffffff;border-color:#444444;}.wp-block-kadence-advancedbtn.kt-btns3451_e1d865-37 .kt-btn-wrap-0 .kt-button::before{display:none;}.wp-block-kadence-advancedbtn.kt-btns3451_e1d865-37 .kt-btn-wrap-0 .kt-button:hover, .wp-block-kadence-advancedbtn.kt-btns3451_e1d865-37 .kt-btn-wrap-0 .kt-button:focus{background:#444444;}<\/style>\n<div class=\"wp-block-kadence-advancedbtn kb-buttons-wrap kb-btns3451_e1d865-37\"><style>ul.menu .wp-block-kadence-advancedbtn .kb-btn3451_f0ec27-14.kb-button{width:initial;}<\/style><a class=\"kb-button kt-button button kb-btn3451_f0ec27-14 kt-btn-size-standard kt-btn-width-type-auto kb-btn-global-inherit  kt-btn-has-text-true kt-btn-has-svg-false  wp-block-button__link wp-block-kadence-singlebtn\" href=\"https:\/\/manuvision.es\/ca\/find-your-therapist\/\"><span class=\"kt-btn-inner-text\">Troba un terapeuta especialitzat en trauma<\/span><\/a><\/div>\n\n\n\n<h2 class=\"wp-block-heading\">Tractament basat en l\u2019evid\u00e8ncia<\/h2>\n\n\n\n<p>La ter\u00e0pia corporal Manuvision ha estat objecte del primer projecte de recerca a Dinamarca sobre ter\u00e0pia corporal, dut a terme pel Statens Institut for Folkesundhed (SDU) (Institut Nacional de Salut P\u00fablica) en col\u00b7laboraci\u00f3 amb Region Hovedstadens Psykiatri (Psiquiatria de la Regi\u00f3 Capital). L\u2019estudi demostra un efecte significatiu del nostre tractament per al TEPT.<\/p>\n\n\n\n<p>Per aix\u00f2, Manuvision treballa amb un enfocament basat en l\u2019evid\u00e8ncia en el tractament de l\u2019estr\u00e8s i el trauma, aix\u00ed com de les afeccions f\u00edsiques i psicol\u00f2giques que aquest pot provocar \u2014des de la depressi\u00f3 i l\u2019ansietat fins al TEPT.<\/p>\n\n\n\n<p>Llegir m\u00e9s: <a href=\"\/ca\/research-into-the-effects-of-manuvision-body-therapy\/\" data-type=\"page\" data-id=\"8776\">Research into treatment of PTSD<\/a><\/p>\n\n\n\n<h2 class=\"wp-block-heading\">Qu\u00e8 \u00e9s el TEPT?<\/h2>\n\n\n\n<p>El TEPT \u2014o trastorn d\u2019estr\u00e8s posttraum\u00e0tic\u2014 \u00e9s una condici\u00f3 d\u2019estr\u00e8s que pot apar\u00e8ixer despr\u00e9s d\u2019haver viscut una situaci\u00f3 en qu\u00e8 la vida s\u2019ha sentit amena\u00e7ada. Independentment del que hagi desencadenat la condici\u00f3 \u2014sigui guerra, violaci\u00f3, agressi\u00f3, accidents o situacions dif\u00edcils durant la inf\u00e0ncia\u2014 el denominador com\u00fa \u00e9s que el cos queda atrapat en un estat traum\u00e0tic. Aix\u00f2 crea una base distorsionada en la manera com la persona es relaciona amb el m\u00f3n que l\u2019envolta.<\/p>\n\n\n\n<p>El TEPT t\u00e9 el seu origen en el trauma, i el trauma influeix en la manera com reaccionem i ens relacionem amb el nostre entorn. El cos est\u00e0 dissenyat per crear la millor defensa possible davant del perill, de manera que, si ha viscut una situaci\u00f3 que posa en perill la vida, tots els mecanismes de superviv\u00e8ncia s\u2019activen. Aquest estat d\u2019alerta pot manifestar-se com inquietud, pensaments accelerats, dificultats de mem\u00f2ria, a\u00efllament social, alteracions del son, malsons, ansietat, depressi\u00f3, marejos, falta d\u2019aire, problemes digestius i dolor muscular i articular.<\/p>\n\n\n\n<p>Moltes persones experimenten flashbacks dels esdeveniments que van desencadenar el TEPT, pateixen malsons i desenvolupen una gran sensibilitat als est\u00edmuls sensorials, cosa que dificulta el seu funcionament en la vida di\u00e0ria o en entorns socials. Per a molts, aix\u00f2 tamb\u00e9 implica sentiments de vergonya, culpa i insufici\u00e8ncia, que poden conduir a l\u2019a\u00efllament social i a la depressi\u00f3.<\/p>\n\n\n\n<h2 class=\"wp-block-heading\">Com tractem el trauma i el TEPT?<\/h2>\n\n\n\n<p>En resum, un tractament de Manuvision aborda el trauma a trav\u00e9s del cos i enfortint la capacitat del sistema nervi\u00f3s per autoregular-se. En el llibre \u201cQuan el cos est\u00e0 en guerra\u201d expliquem en detall el nostre enfocament del tractament del trauma.<\/p>\n\n\n\n<p>El trauma altera de manera fonamental la capacitat d\u2019autoregular els impulsos i les emocions i, en conseq\u00fc\u00e8ncia, la capacitat de respondre adequadament en les relacions. En el tractament, treballem la regulaci\u00f3 del sistema nervi\u00f3s. Guiant l\u2019atenci\u00f3 cap al cos i alliberant emocions reprimides, ajudem les persones afectades pel trauma a entrenar la seva autoregulaci\u00f3, permetent-los obtenir un major control sobre els impulsos i les respostes autom\u00e0tiques del seu sistema nervi\u00f3s.<\/p>\n\n\n\n<h4 class=\"wp-block-heading has-theme-palette-9-color has-theme-palette-2-background-color has-text-color has-background has-link-color wp-elements-66494a97a67d5dcae0ca1ea538895b9f\">Des del 2020, oferim un programa avan\u00e7at en el tractament del xoc i el trauma, en el qual formem encara m\u00e9s els terapeutes corporals de Manuvision per especialitzar-se en el tractament del trauma greu i el TEPT. Pots trobar els nostres especialistes <strong><a href=\"https:\/\/manuvision.es\/ca\/find-your-therapist\/\" data-type=\"page\" data-id=\"14186\">TERAPEUTA DE XOC \/ TRAUMA AQU\u00cd<\/a><\/strong><\/h4>\n<\/div><\/div>\n<\/div><\/div>\n\n\n<style>.kadence-column3451_d671f5-e7 > .kt-inside-inner-col{padding-top:var(--global-kb-spacing-lg, 3rem);padding-right:var(--global-kb-spacing-md, 2rem);padding-bottom:var(--global-kb-spacing-lg, 3rem);padding-left:var(--global-kb-spacing-md, 2rem);}.kadence-column3451_d671f5-e7 > .kt-inside-inner-col,.kadence-column3451_d671f5-e7 > .kt-inside-inner-col:before{border-top-left-radius:0px;border-top-right-radius:0px;border-bottom-right-radius:0px;border-bottom-left-radius:0px;}.kadence-column3451_d671f5-e7 > .kt-inside-inner-col{column-gap:var(--global-kb-gap-sm, 1rem);}.kadence-column3451_d671f5-e7 > .kt-inside-inner-col{flex-direction:column;}.kadence-column3451_d671f5-e7 > .kt-inside-inner-col > .aligncenter{width:100%;}.kadence-column3451_d671f5-e7 > .kt-inside-inner-col{background-color:var(--global-palette8, #F7FAFC);}.kadence-column3451_d671f5-e7 > .kt-inside-inner-col:before{opacity:0.3;}.kadence-column3451_d671f5-e7{position:relative;}@media all and (max-width: 1024px){.kadence-column3451_d671f5-e7 > .kt-inside-inner-col{flex-direction:column;justify-content:center;}}@media all and (max-width: 767px){.kadence-column3451_d671f5-e7 > .kt-inside-inner-col{flex-direction:column;justify-content:center;}}<\/style>\n<div class=\"wp-block-kadence-column kadence-column3451_d671f5-e7\"><div class=\"kt-inside-inner-col\"><style>.kb-row-layout-id9106_cfd9a7-71 > .kt-row-column-wrap{align-content:start;}:where(.kb-row-layout-id9106_cfd9a7-71 > .kt-row-column-wrap) > .wp-block-kadence-column{justify-content:start;}.kb-row-layout-id9106_cfd9a7-71 > .kt-row-column-wrap{column-gap:var(--global-kb-gap-sm, 1rem);row-gap:var(--global-kb-gap-sm, 1rem);max-width:var( --global-content-width, 1350px );padding-left:var(--global-content-edge-padding);padding-right:var(--global-content-edge-padding);padding-top:0px;padding-right:0px;padding-bottom:0px;padding-left:0px;grid-template-columns:minmax(0, 1fr);}.kb-row-layout-id9106_cfd9a7-71 > .kt-row-layout-overlay{opacity:0.30;}@media all and (max-width: 1024px){.kb-row-layout-id9106_cfd9a7-71 > .kt-row-column-wrap{column-gap:var(--global-kb-gap-sm, 1rem);row-gap:var(--global-kb-gap-sm, 1rem);padding-top:0px;padding-bottom:0px;grid-template-columns:minmax(0, 1fr);}}@media all and (max-width: 767px){.kb-row-layout-id9106_cfd9a7-71 > .kt-row-column-wrap{column-gap:var(--global-kb-gap-sm, 1rem);row-gap:var(--global-kb-gap-sm, 1rem);padding-top:0px;padding-bottom:0px;grid-template-columns:minmax(0, 1fr);}}<\/style><div class=\"kb-row-layout-wrap kb-row-layout-id9106_cfd9a7-71 alignnone wp-block-kadence-rowlayout\"><div class=\"kt-row-column-wrap kt-has-1-columns kt-row-layout-equal kt-tab-layout-inherit kt-mobile-layout-row kt-row-valign-top kb-theme-content-width\">\n<style>.kadence-column9106_81fdf8-02 > .kt-inside-inner-col,.kadence-column9106_81fdf8-02 > .kt-inside-inner-col:before{border-top-left-radius:0px;border-top-right-radius:0px;border-bottom-right-radius:0px;border-bottom-left-radius:0px;}.kadence-column9106_81fdf8-02 > .kt-inside-inner-col{column-gap:var(--global-kb-gap-sm, 1rem);}.kadence-column9106_81fdf8-02 > .kt-inside-inner-col{flex-direction:column;}.kadence-column9106_81fdf8-02 > .kt-inside-inner-col > .aligncenter{width:100%;}.kadence-column9106_81fdf8-02 > .kt-inside-inner-col:before{opacity:0.3;}.kadence-column9106_81fdf8-02{position:relative;}@media all and (max-width: 1024px){.kadence-column9106_81fdf8-02 > .kt-inside-inner-col{flex-direction:column;justify-content:center;}}@media all and (max-width: 767px){.kadence-column9106_81fdf8-02 > .kt-inside-inner-col{flex-direction:column;justify-content:center;}}<\/style>\n<div class=\"wp-block-kadence-column kadence-column9106_81fdf8-02\"><div class=\"kt-inside-inner-col\"><style>.kb-image9106_bdce4a-63 .kb-image-has-overlay:after{opacity:0.3;}<\/style>\n<figure class=\"wp-block-kadence-image kb-image9106_bdce4a-63 size-large\"><img decoding=\"async\" width=\"1024\" height=\"320\" src=\"https:\/\/manuvision.dk\/wp-content\/uploads\/Kropsterapi_h\u251c\u00a9jre_banner-1024x320.jpg\" alt=\"\" class=\"kb-img wp-image-9681\" srcset=\"\" sizes=\"(max-width: 1024px) 100vw, 1024px\" data-srcset=\"\" \/><\/figure>\n\n\n\n<h3 class=\"wp-block-heading\">Tractem en molts pa\u00efsos.<\/h3>\n\n\n\n<p>Pots llegir sobre l\u2019experi\u00e8ncia i les compet\u00e8ncies dels terapeutes individuals i trobar el\/la <a href=\"https:\/\/manuvision.es\/ca\/find-your-therapist\/\" data-type=\"page\" data-id=\"14186\">Terapeuta de Manuvision<\/a>, que s\u2019adapta a les teves necessitats.<\/p>\n\n\n<style>.kb-image9106_84418b-39 .kb-image-has-overlay:after{opacity:0.3;}<\/style>\n<figure class=\"wp-block-kadence-image kb-image9106_84418b-39 size-full\"><img decoding=\"async\" width=\"2000\" height=\"1333\" src=\"https:\/\/manuvision.es\/wp-content\/uploads\/Para-web_13.jpg\" alt=\"\" class=\"kb-img wp-image-14279\" srcset=\"https:\/\/manuvision.es\/wp-content\/uploads\/Para-web_13.jpg 2000w, https:\/\/manuvision.es\/wp-content\/uploads\/Para-web_13-300x200.jpg 300w, https:\/\/manuvision.es\/wp-content\/uploads\/Para-web_13-1024x682.jpg 1024w, https:\/\/manuvision.es\/wp-content\/uploads\/Para-web_13-768x512.jpg 768w, https:\/\/manuvision.es\/wp-content\/uploads\/Para-web_13-1536x1024.jpg 1536w, https:\/\/manuvision.es\/wp-content\/uploads\/Para-web_13-18x12.jpg 18w\" sizes=\"(max-width: 2000px) 100vw, 2000px\" \/><\/figure>\n\n\n<style>.wp-block-kadence-advancedbtn.kb-btns9106_2017b6-7f{gap:var(--global-kb-gap-xs, 0.5rem );justify-content:flex-start;align-items:center;}.kt-btns9106_2017b6-7f .kt-button{font-weight:normal;font-style:normal;}.kt-btns9106_2017b6-7f .kt-btn-wrap-0{margin-right:5px;}.wp-block-kadence-advancedbtn.kt-btns9106_2017b6-7f .kt-btn-wrap-0 .kt-button{color:#555555;border-color:#555555;}.wp-block-kadence-advancedbtn.kt-btns9106_2017b6-7f .kt-btn-wrap-0 .kt-button:hover, .wp-block-kadence-advancedbtn.kt-btns9106_2017b6-7f .kt-btn-wrap-0 .kt-button:focus{color:#ffffff;border-color:#444444;}.wp-block-kadence-advancedbtn.kt-btns9106_2017b6-7f .kt-btn-wrap-0 .kt-button::before{display:none;}.wp-block-kadence-advancedbtn.kt-btns9106_2017b6-7f .kt-btn-wrap-0 .kt-button:hover, .wp-block-kadence-advancedbtn.kt-btns9106_2017b6-7f .kt-btn-wrap-0 .kt-button:focus{background:#444444;}<\/style>\n<div class=\"wp-block-kadence-advancedbtn kb-buttons-wrap kb-btns9106_2017b6-7f\"><style>ul.menu .wp-block-kadence-advancedbtn .kb-btn9106_19f907-40.kb-button{width:initial;}.kb-btn9106_19f907-40.kb-button .kb-svg-icon-wrap{font-size:28px;--kb-button-icon-size:28px;}<\/style><a class=\"kb-button kt-button button kb-btn9106_19f907-40 kt-btn-size-standard kt-btn-width-type-full kb-btn-global-inherit  kt-btn-has-text-true kt-btn-has-svg-false  wp-block-button__link wp-block-kadence-singlebtn\" href=\"https:\/\/manuvision.es\/ca\/find-your-therapist\/\"><span class=\"kt-btn-inner-text\">Troba el teu TERAPEUTA<\/span><\/a><\/div>\n\n\n<style>.kb-image9106_f73c41-90 .kb-image-has-overlay:after{opacity:0.3;}<\/style>\n<figure class=\"wp-block-kadence-image kb-image9106_f73c41-90 size-large\"><img decoding=\"async\" width=\"1024\" height=\"320\" src=\"https:\/\/manuvision.es\/wp-content\/uploads\/HEADER_WEB4-2048x640-1-1024x320.png\" alt=\"\" class=\"kb-img wp-image-14038\" srcset=\"\" sizes=\"(max-width: 1024px) 100vw, 1024px\" data-srcset=\"\" \/><\/figure>\n\n\n\n<p>La ter\u00e0pia corporal Manuvision ha estat el focus del primer projecte de recerca en ter\u00e0pia corporal a Dinamarca, realitzat per l\u2019Institut Nacional de Salut P\u00fablica (SDU) en col\u00b7laboraci\u00f3 amb la Psiquiatria de la Regi\u00f3 Capital de Dinamarca. Els resultats de la recerca mostren que 6 mesos de ter\u00e0pia corporal Manuvision poden reduir o eliminar completament els s\u00edmptomes de TEPT en veterans de guerra amb TEPT. Llegir m\u00e9s: <a href=\"\/ca\/research-into-the-effects-of-manuvision-body-therapy\/\" data-type=\"page\" data-id=\"8776\">Recerca sobre la ter\u00e0pia corporal Manuvision<\/a><\/p>\n\n\n<style>.wp-block-kadence-image.kb-image9106_5f1df9-94:not(.kb-specificity-added):not(.kb-extra-specificity-added){margin-top:var(--global-kb-spacing-md, 2rem);}.kb-image9106_5f1df9-94 .kb-image-has-overlay:after{opacity:0.3;}<\/style>\n<figure class=\"wp-block-kadence-image kb-image9106_5f1df9-94 size-full\"><img decoding=\"async\" width=\"600\" height=\"800\" src=\"https:\/\/manuvision.dk\/wp-content\/uploads\/podcast.jpg\" alt=\"\" class=\"kb-img wp-image-9749\" srcset=\"\" sizes=\"(max-width: 600px) 100vw, 600px\" data-srcset=\"\" \/><\/figure>\n\n\n\n<h3 class=\"wp-block-heading\">Podcast sobre ter\u00e0pia corporal<\/h3>\n\n\n\n<p>Manuvision publica podcasts on aprofundeix en temes que exploren la connexi\u00f3 entre cos i ment, i parlem sobre la nostra educaci\u00f3 i formaci\u00f3 continuada. Actualment estem treballant en la traducci\u00f3 d\u2019alguns d\u2019aquests podcasts interessants per a tu.<\/p>\n\n\n<style>.wp-block-kadence-image.kb-image9106_555f28-64:not(.kb-specificity-added):not(.kb-extra-specificity-added){margin-top:var(--global-kb-spacing-md, 2rem);}.kb-image9106_555f28-64 .kb-image-has-overlay:after{opacity:0.3;}<\/style>\n<figure class=\"wp-block-kadence-image kb-image9106_555f28-64 size-large\"><img decoding=\"async\" width=\"768\" height=\"1024\" src=\"https:\/\/manuvision.dk\/wp-content\/uploads\/Nar_kroppen_er_i_krig-768x1024.jpg\" alt=\"\" class=\"kb-img wp-image-10924\" srcset=\"\" sizes=\"(max-width: 768px) 100vw, 768px\" data-srcset=\"\" \/><\/figure>\n\n\n\n<h2 class=\"wp-block-heading\">Llibre sobre tractament del trauma<\/h2>\n\n\n\n<p>Al llibre \u201cQuan el cos est\u00e0 en guerra\u201d recollim els fils de 25 anys de pr\u00e0ctica en tractaments amb les experi\u00e8ncies del projecte de recerca sobre l\u2019efecte de la ter\u00e0pia corporal Manuvision contra el TEPT, realitzat per l\u2019Institut Dan\u00e8s de Salut P\u00fablica (SDU). Presentem el nostre treball amb la consci\u00e8ncia relacional i corporal, aix\u00ed com els principis i t\u00e8cniques que poden regular l\u2019equilibri del sistema nervi\u00f3s i generar canvis en persones exposades a trauma. Tamb\u00e9 estem treballant en la traducci\u00f3 de \u201cQuan el cos est\u00e0 en guerra\u201d.<\/p>\n\n\n<style>.wp-block-kadence-advancedbtn.kb-btns9106_346142-4a{gap:var(--global-kb-gap-xs, 0.5rem );justify-content:flex-start;align-items:center;}.kt-btns9106_346142-4a .kt-button{font-weight:normal;font-style:normal;}.kt-btns9106_346142-4a .kt-btn-wrap-0{margin-right:5px;}.wp-block-kadence-advancedbtn.kt-btns9106_346142-4a .kt-btn-wrap-0 .kt-button{color:#555555;border-color:#555555;}.wp-block-kadence-advancedbtn.kt-btns9106_346142-4a .kt-btn-wrap-0 .kt-button:hover, .wp-block-kadence-advancedbtn.kt-btns9106_346142-4a .kt-btn-wrap-0 .kt-button:focus{color:#ffffff;border-color:#444444;}.wp-block-kadence-advancedbtn.kt-btns9106_346142-4a .kt-btn-wrap-0 .kt-button::before{display:none;}.wp-block-kadence-advancedbtn.kt-btns9106_346142-4a .kt-btn-wrap-0 .kt-button:hover, .wp-block-kadence-advancedbtn.kt-btns9106_346142-4a .kt-btn-wrap-0 .kt-button:focus{background:#444444;}<\/style>\n<div class=\"wp-block-kadence-advancedbtn kb-buttons-wrap kb-btns9106_346142-4a\"><style>ul.menu .wp-block-kadence-advancedbtn .kb-btn9106_fdc0a0-23.kb-button{width:initial;}.kb-btn9106_fdc0a0-23.kb-button .kb-svg-icon-wrap{font-size:28px;--kb-button-icon-size:28px;}<\/style><a class=\"kb-button kt-button button kb-btn9106_fdc0a0-23 kt-btn-size-standard kt-btn-width-type-full kb-btn-global-inherit  kt-btn-has-text-true kt-btn-has-svg-false  wp-block-button__link wp-block-kadence-singlebtn\" href=\"https:\/\/manuvision.es\/ca\/find-your-therapist\/\"><span class=\"kt-btn-inner-text\">Reservar un tractament<\/span><\/a><\/div>\n<\/div><\/div>\n\n<\/div><\/div><\/div><\/div>\n\n<\/div><\/div>","protected":false},"excerpt":{"rendered":"<p>Manuvision has specialized expertise in the treatment of trauma and PTSD. Based on research and evidence, we use body-therapeutic techniques to help restore balance in the nervous system. Mental health&#8230;<\/p>","protected":false},"author":3,"featured_media":0,"parent":0,"menu_order":0,"comment_status":"closed","ping_status":"closed","template":"","meta":{"_acf_changed":false,"inline_featured_image":false,"_kad_blocks_custom_css":"","_kad_blocks_head_custom_js":"","_kad_blocks_body_custom_js":"","_kad_blocks_footer_custom_js":"","_kad_post_transparent":"","_kad_post_title":"","_kad_post_layout":"","_kad_post_sidebar_id":"","_kad_post_content_style":"","_kad_post_vertical_padding":"","_kad_post_feature":"","_kad_post_feature_position":"","_kad_post_header":false,"_kad_post_footer":false,"_kad_post_classname":"","footnotes":""},"class_list":["post-3451","page","type-page","status-publish","hentry"],"acf":[],"taxonomy_info":[],"featured_image_src_large":false,"author_info":{"display_name":"Manuvision","author_link":"https:\/\/manuvision.es\/ca\/author\/manuvision\/"},"comment_info":0,"_links":{"self":[{"href":"https:\/\/manuvision.es\/ca\/wp-json\/wp\/v2\/pages\/3451","targetHints":{"allow":["GET"]}}],"collection":[{"href":"https:\/\/manuvision.es\/ca\/wp-json\/wp\/v2\/pages"}],"about":[{"href":"https:\/\/manuvision.es\/ca\/wp-json\/wp\/v2\/types\/page"}],"author":[{"embeddable":true,"href":"https:\/\/manuvision.es\/ca\/wp-json\/wp\/v2\/users\/3"}],"replies":[{"embeddable":true,"href":"https:\/\/manuvision.es\/ca\/wp-json\/wp\/v2\/comments?post=3451"}],"version-history":[{"count":47,"href":"https:\/\/manuvision.es\/ca\/wp-json\/wp\/v2\/pages\/3451\/revisions"}],"predecessor-version":[{"id":14943,"href":"https:\/\/manuvision.es\/ca\/wp-json\/wp\/v2\/pages\/3451\/revisions\/14943"}],"wp:attachment":[{"href":"https:\/\/manuvision.es\/ca\/wp-json\/wp\/v2\/media?parent=3451"}],"curies":[{"name":"wp","href":"https:\/\/api.w.org\/{rel}","templated":true}]}}