{"id":209,"date":"2020-05-28T10:22:43","date_gmt":"2020-05-28T08:22:43","guid":{"rendered":"http:\/\/manuvision.dk.web04.webtohosting.dk\/?page_id=209"},"modified":"2026-04-10T13:28:33","modified_gmt":"2026-04-10T11:28:33","slug":"childrens-treatment","status":"publish","type":"page","link":"https:\/\/manuvision.es\/es\/childrens-treatment\/","title":{"rendered":"Children&#8217;s treatment"},"content":{"rendered":"<style>.kb-row-layout-id209_40451f-d4 > .kt-row-column-wrap{align-content:start;}:where(.kb-row-layout-id209_40451f-d4 > .kt-row-column-wrap) > .wp-block-kadence-column{justify-content:start;}.kb-row-layout-id209_40451f-d4 > .kt-row-column-wrap{column-gap:var(--global-kb-gap-none, 0rem );row-gap:var(--global-kb-gap-none, 0rem );max-width:var( --global-content-width, 1350px );padding-left:var(--global-content-edge-padding);padding-right:var(--global-content-edge-padding);padding-top:0px;padding-right:0px;padding-bottom:0px;grid-template-columns:minmax(0, calc(65% - ((var(--global-kb-gap-none, 0rem ) * 1 )\/2)))minmax(0, calc(35% - ((var(--global-kb-gap-none, 0rem ) * 1 )\/2)));}.kb-row-layout-id209_40451f-d4{background-image:linear-gradient(90deg,var(--global-palette9,#ecf2ed) 70%,var(--global-palette8,#dce6e1) 70%);}.kb-row-layout-id209_40451f-d4 > .kt-row-layout-overlay{opacity:0.30;}@media all and (max-width: 1024px), only screen and (min-device-width: 1024px) and (max-device-width: 1366px) and (-webkit-min-device-pixel-ratio: 2) and (hover: none){.kb-row-layout-wrap.wp-block-kadence-rowlayout.kb-row-layout-id209_40451f-d4{background-image:linear-gradient(90deg,var(--global-palette9,#ecf2ed) 75%,var(--global-palette8,#dce6e1) 75%);}}@media all and (max-width: 1024px), only screen and (min-device-width: 1024px) and (max-device-width: 1366px) and (-webkit-min-device-pixel-ratio: 2) and (hover: none){.kb-row-layout-id209_40451f-d4 .kb-blocks-bg-video-container,.kb-row-layout-id209_40451f-d4 .kb-blocks-bg-slider{display:none;}}@media all and (max-width: 1024px){.kb-row-layout-id209_40451f-d4 > .kt-row-column-wrap{column-gap:var(--global-kb-gap-md, 2rem);padding-top:0px;padding-bottom:0px;grid-template-columns:repeat(2, minmax(0, 1fr));}}@media all and (max-width: 767px){.kb-row-layout-id209_40451f-d4 > .kt-row-column-wrap{column-gap:64px;padding-top:0px;padding-bottom:0px;padding-left:0px;grid-template-columns:minmax(0, 1fr);}.kb-row-layout-wrap.wp-block-kadence-rowlayout.kb-row-layout-id209_40451f-d4{background:var(--global-palette9, #ffffff);}.kb-row-layout-id209_40451f-d4 .kb-blocks-bg-video-container,.kb-row-layout-id209_40451f-d4 .kb-blocks-bg-slider{display:none;}}<\/style><div class=\"kb-row-layout-wrap kb-row-layout-id209_40451f-d4 alignnone has-theme-palette9-background-color kt-row-has-bg wp-block-kadence-rowlayout\"><div class=\"kt-row-column-wrap kt-has-2-columns kt-row-layout-equal kt-tab-layout-inherit kt-mobile-layout-row kt-row-valign-top kb-theme-content-width\">\n<style>.kadence-column209_e18d9a-98 > .kt-inside-inner-col,.kadence-column209_e18d9a-98 > .kt-inside-inner-col:before{border-top-left-radius:0px;border-top-right-radius:0px;border-bottom-right-radius:0px;border-bottom-left-radius:0px;}.kadence-column209_e18d9a-98 > .kt-inside-inner-col{column-gap:var(--global-kb-gap-sm, 1rem);}.kadence-column209_e18d9a-98 > .kt-inside-inner-col{flex-direction:column;}.kadence-column209_e18d9a-98 > .kt-inside-inner-col > .aligncenter{width:100%;}.kadence-column209_e18d9a-98 > .kt-inside-inner-col:before{opacity:0.3;}.kadence-column209_e18d9a-98{position:relative;}@media all and (max-width: 1024px){.kadence-column209_e18d9a-98 > .kt-inside-inner-col{flex-direction:column;justify-content:center;}}@media all and (max-width: 767px){.kadence-column209_e18d9a-98 > .kt-inside-inner-col{flex-direction:column;justify-content:center;}}<\/style>\n<div class=\"wp-block-kadence-column kadence-column209_e18d9a-98\"><div class=\"kt-inside-inner-col\"><style>.kadence-column209_592333-7d > .kt-inside-inner-col,.kadence-column209_592333-7d > .kt-inside-inner-col:before{border-top-left-radius:0px;border-top-right-radius:0px;border-bottom-right-radius:0px;border-bottom-left-radius:0px;}.kadence-column209_592333-7d > .kt-inside-inner-col{column-gap:var(--global-kb-gap-sm, 1rem);}.kadence-column209_592333-7d > .kt-inside-inner-col{flex-direction:column;}.kadence-column209_592333-7d > .kt-inside-inner-col > .aligncenter{width:100%;}.kadence-column209_592333-7d > .kt-inside-inner-col:before{opacity:0.3;}.kadence-column209_592333-7d{position:relative;}.kadence-column209_592333-7d, .kt-inside-inner-col > .kadence-column209_592333-7d:not(.specificity){margin-top:var(--global-kb-spacing-md, 2rem);margin-right:var(--global-kb-spacing-md, 2rem);margin-bottom:var(--global-kb-spacing-md, 2rem);}@media all and (max-width: 1024px){.kadence-column209_592333-7d > .kt-inside-inner-col{flex-direction:column;justify-content:center;}}@media all and (max-width: 1024px){.kadence-column209_592333-7d, .kt-inside-inner-col > .kadence-column209_592333-7d:not(.specificity){margin-left:0px;}}@media all and (max-width: 767px){.kadence-column209_592333-7d > .kt-inside-inner-col{flex-direction:column;justify-content:center;}.kadence-column209_592333-7d, .kt-inside-inner-col > .kadence-column209_592333-7d:not(.specificity){margin-left:var(--global-kb-spacing-md, 2rem);}}<\/style>\n<div class=\"wp-block-kadence-column kadence-column209_592333-7d\"><div class=\"kt-inside-inner-col\">\n<h2 class=\"wp-block-heading\">Manuvision cuenta con una amplia experiencia y buenos resultados en el tratamiento de ni\u00f1os con terapia corporal, de todas las edades, desde beb\u00e9s hasta adolescentes.<\/h2>\n\n\n<style>.kb-image209_b67ca8-1f .kb-image-has-overlay:after{opacity:0.3;}<\/style>\n<figure class=\"wp-block-kadence-image kb-image209_b67ca8-1f size-large\"><img decoding=\"async\" width=\"1024\" height=\"683\" src=\"https:\/\/manuvision.dk\/wp-content\/uploads\/boernebehandling-2-scaled-1-1024x683.jpg\" alt=\"\" class=\"kb-img wp-image-947\" srcset=\"\" sizes=\"(max-width: 1024px) 100vw, 1024px\" data-srcset=\"\" \/><\/figure>\n\n\n\n<p>Los ni\u00f1os, al igual que los adultos, a veces necesitan una ayuda para liberar desequilibrios en su cuerpo. La terapia corporal Manuvision ayuda a ni\u00f1os que sufren dolor y todo tipo de molestias, desde dolores de crecimiento, rigidez corporal, inquietud o sudores nocturnos, hasta problemas psicol\u00f3gicos como ansiedad, depresi\u00f3n o TDAH.<\/p>\n\n\n\n<p>El tratamiento no es invasivo ni resulta desagradable para el ni\u00f1o. Trabajamos sobre el sistema nervioso relajando los m\u00fasculos, lo que permite liberar tensiones y bloqueos.<\/p>\n\n\n\n<p>Una ventaja del tratamiento infantil es que los efectos suelen notarse r\u00e1pidamente y que a menudo es posible tratar o prevenir desequilibrios incipientes en la espalda y el sistema musculoesquel\u00e9tico, que de otro modo podr\u00edan convertirse en problemas en la edad adulta.<\/p>\n\n\n\n<p>En el tratamiento de ni\u00f1os que han estado expuestos a shock y trauma o que conviven con diagn\u00f3sticos psiqui\u00e1tricos, Manuvision ofrece un complemento a las soluciones que proporciona el sistema sanitario.<\/p>\n\n\n\n<p>El tratamiento infantil suele realizarse con al menos uno de los padres presente y siempre se adapta a la etapa de desarrollo en la que se encuentra el ni\u00f1o.<\/p>\n\n\n\n<p>Ponemos especial \u00e9nfasis en que sea una experiencia suave y segura tanto para el ni\u00f1o como para los padres.<\/p>\n\n\n<style>.kb-row-layout-id209_3b93d8-b0 > .kt-row-column-wrap{align-content:start;}:where(.kb-row-layout-id209_3b93d8-b0 > .kt-row-column-wrap) > .wp-block-kadence-column{justify-content:start;}.kb-row-layout-id209_3b93d8-b0 > .kt-row-column-wrap{column-gap:var(--global-kb-gap-sm, 1rem);row-gap:var(--global-kb-gap-sm, 1rem);max-width:var( --global-content-width, 1350px );padding-left:var(--global-content-edge-padding);padding-right:var(--global-content-edge-padding);padding-top:0px;padding-right:0px;padding-bottom:0px;padding-left:0px;grid-template-columns:minmax(0, calc(50% - ((var(--global-kb-gap-sm, 1rem) * 1 )\/2)))minmax(0, calc(50% - ((var(--global-kb-gap-sm, 1rem) * 1 )\/2)));}.kb-row-layout-id209_3b93d8-b0 > .kt-row-layout-overlay{opacity:0.30;}@media all and (max-width: 1024px){.kb-row-layout-id209_3b93d8-b0 > .kt-row-column-wrap{column-gap:var(--global-kb-gap-sm, 1rem);row-gap:var(--global-kb-gap-sm, 1rem);padding-top:0px;padding-bottom:0px;grid-template-columns:repeat(2, minmax(0, 1fr));}}@media all and (max-width: 767px){.kb-row-layout-id209_3b93d8-b0 > .kt-row-column-wrap{column-gap:var(--global-kb-gap-sm, 1rem);row-gap:var(--global-kb-gap-sm, 1rem);padding-top:0px;padding-bottom:0px;grid-template-columns:minmax(0, 1fr);}}<\/style><div class=\"kb-row-layout-wrap kb-row-layout-id209_3b93d8-b0 alignnone wp-block-kadence-rowlayout\"><div class=\"kt-row-column-wrap kt-has-2-columns kt-row-layout-equal kt-tab-layout-inherit kt-mobile-layout-row kt-row-valign-top kb-theme-content-width\">\n<style>.kadence-column209_e60b7c-da > .kt-inside-inner-col,.kadence-column209_e60b7c-da > .kt-inside-inner-col:before{border-top-left-radius:0px;border-top-right-radius:0px;border-bottom-right-radius:0px;border-bottom-left-radius:0px;}.kadence-column209_e60b7c-da > .kt-inside-inner-col{column-gap:var(--global-kb-gap-sm, 1rem);}.kadence-column209_e60b7c-da > .kt-inside-inner-col{flex-direction:column;}.kadence-column209_e60b7c-da > .kt-inside-inner-col > .aligncenter{width:100%;}.kadence-column209_e60b7c-da > .kt-inside-inner-col:before{opacity:0.3;}.kadence-column209_e60b7c-da{position:relative;}@media all and (max-width: 1024px){.kadence-column209_e60b7c-da > .kt-inside-inner-col{flex-direction:column;justify-content:center;}}@media all and (max-width: 767px){.kadence-column209_e60b7c-da > .kt-inside-inner-col{flex-direction:column;justify-content:center;}}<\/style>\n<div class=\"wp-block-kadence-column kadence-column209_e60b7c-da\"><div class=\"kt-inside-inner-col\"><style>.kb-image209_f76ad4-a0 .kb-image-has-overlay:after{opacity:0.3;}<\/style>\n<figure class=\"wp-block-kadence-image kb-image209_f76ad4-a0 size-large kb-image-is-ratio-size\"><div class=\"kb-is-ratio-image kb-image-ratio-land43\"><img decoding=\"async\" width=\"1024\" height=\"683\" src=\"https:\/\/manuvision.dk\/wp-content\/uploads\/boernebehandling-1-scaled-1-1024x683.jpg\" alt=\"manuvision b\u00f8rnebehandling\" class=\"kb-img wp-image-948\" srcset=\"https:\/\/manuvision.es\/wp-content\/uploads\/boernebehandling-1-scaled-1-1024x683.jpg 1024w, https:\/\/manuvision.es\/wp-content\/uploads\/boernebehandling-1-scaled-1-300x200.jpg 300w, https:\/\/manuvision.es\/wp-content\/uploads\/boernebehandling-1-scaled-1-768x512.jpg 768w, https:\/\/manuvision.es\/wp-content\/uploads\/boernebehandling-1-scaled-1-1536x1024.jpg 1536w, https:\/\/manuvision.es\/wp-content\/uploads\/boernebehandling-1-scaled-1-2048x1366.jpg 2048w\" sizes=\"(max-width: 1024px) 100vw, 1024px\" \/><\/div><\/figure>\n<\/div><\/div>\n\n\n<style>.kadence-column209_b5065e-b5 > .kt-inside-inner-col,.kadence-column209_b5065e-b5 > .kt-inside-inner-col:before{border-top-left-radius:0px;border-top-right-radius:0px;border-bottom-right-radius:0px;border-bottom-left-radius:0px;}.kadence-column209_b5065e-b5 > .kt-inside-inner-col{column-gap:var(--global-kb-gap-sm, 1rem);}.kadence-column209_b5065e-b5 > .kt-inside-inner-col{flex-direction:column;}.kadence-column209_b5065e-b5 > .kt-inside-inner-col > .aligncenter{width:100%;}.kadence-column209_b5065e-b5 > .kt-inside-inner-col:before{opacity:0.3;}.kadence-column209_b5065e-b5{position:relative;}@media all and (max-width: 1024px){.kadence-column209_b5065e-b5 > .kt-inside-inner-col{flex-direction:column;justify-content:center;}}@media all and (max-width: 767px){.kadence-column209_b5065e-b5 > .kt-inside-inner-col{flex-direction:column;justify-content:center;}}<\/style>\n<div class=\"wp-block-kadence-column kadence-column209_b5065e-b5\"><div class=\"kt-inside-inner-col\"><style>.kb-image209_331caf-b4 .kb-image-has-overlay:after{opacity:0.3;}<\/style>\n<figure class=\"wp-block-kadence-image kb-image209_331caf-b4 size-large kb-image-is-ratio-size\"><div class=\"kb-is-ratio-image kb-image-ratio-land43\"><img decoding=\"async\" width=\"1024\" height=\"683\" src=\"https:\/\/manuvision.dk\/wp-content\/uploads\/DSC_8032-scaled-1-1024x683.jpg\" alt=\"manuvision b\u00f8rnebehandling k\u00f8benhavn\" class=\"kb-img wp-image-950\" srcset=\"https:\/\/manuvision.es\/wp-content\/uploads\/DSC_8032-scaled-1-1024x683.jpg 1024w, https:\/\/manuvision.es\/wp-content\/uploads\/DSC_8032-scaled-1-300x200.jpg 300w, https:\/\/manuvision.es\/wp-content\/uploads\/DSC_8032-scaled-1-768x512.jpg 768w, https:\/\/manuvision.es\/wp-content\/uploads\/DSC_8032-scaled-1-1536x1024.jpg 1536w, https:\/\/manuvision.es\/wp-content\/uploads\/DSC_8032-scaled-1-2048x1366.jpg 2048w\" sizes=\"(max-width: 1024px) 100vw, 1024px\" \/><\/div><\/figure>\n<\/div><\/div>\n\n<\/div><\/div><\/div><\/div>\n<\/div><\/div>\n\n\n<style>.kadence-column209_e9fb43-71 > .kt-inside-inner-col{padding-top:var(--global-kb-spacing-lg, 3rem);padding-right:var(--global-kb-spacing-md, 2rem);padding-bottom:var(--global-kb-spacing-lg, 3rem);padding-left:var(--global-kb-spacing-md, 2rem);}.kadence-column209_e9fb43-71 > .kt-inside-inner-col,.kadence-column209_e9fb43-71 > .kt-inside-inner-col:before{border-top-left-radius:0px;border-top-right-radius:0px;border-bottom-right-radius:0px;border-bottom-left-radius:0px;}.kadence-column209_e9fb43-71 > .kt-inside-inner-col{column-gap:var(--global-kb-gap-sm, 1rem);}.kadence-column209_e9fb43-71 > .kt-inside-inner-col{flex-direction:column;}.kadence-column209_e9fb43-71 > .kt-inside-inner-col > .aligncenter{width:100%;}.kadence-column209_e9fb43-71 > .kt-inside-inner-col{background-color:var(--global-palette8, #F7FAFC);}.kadence-column209_e9fb43-71 > .kt-inside-inner-col:before{opacity:0.3;}.kadence-column209_e9fb43-71{position:relative;}@media all and (max-width: 1024px){.kadence-column209_e9fb43-71 > .kt-inside-inner-col{flex-direction:column;justify-content:center;}}@media all and (max-width: 767px){.kadence-column209_e9fb43-71 > .kt-inside-inner-col{flex-direction:column;justify-content:center;}}<\/style>\n<div class=\"wp-block-kadence-column kadence-column209_e9fb43-71\"><div class=\"kt-inside-inner-col\"><style>.kb-row-layout-id9106_cfd9a7-71 > .kt-row-column-wrap{align-content:start;}:where(.kb-row-layout-id9106_cfd9a7-71 > .kt-row-column-wrap) > .wp-block-kadence-column{justify-content:start;}.kb-row-layout-id9106_cfd9a7-71 > .kt-row-column-wrap{column-gap:var(--global-kb-gap-sm, 1rem);row-gap:var(--global-kb-gap-sm, 1rem);max-width:var( --global-content-width, 1350px );padding-left:var(--global-content-edge-padding);padding-right:var(--global-content-edge-padding);padding-top:0px;padding-right:0px;padding-bottom:0px;padding-left:0px;grid-template-columns:minmax(0, 1fr);}.kb-row-layout-id9106_cfd9a7-71 > .kt-row-layout-overlay{opacity:0.30;}@media all and (max-width: 1024px){.kb-row-layout-id9106_cfd9a7-71 > .kt-row-column-wrap{column-gap:var(--global-kb-gap-sm, 1rem);row-gap:var(--global-kb-gap-sm, 1rem);padding-top:0px;padding-bottom:0px;grid-template-columns:minmax(0, 1fr);}}@media all and (max-width: 767px){.kb-row-layout-id9106_cfd9a7-71 > .kt-row-column-wrap{column-gap:var(--global-kb-gap-sm, 1rem);row-gap:var(--global-kb-gap-sm, 1rem);padding-top:0px;padding-bottom:0px;grid-template-columns:minmax(0, 1fr);}}<\/style><div class=\"kb-row-layout-wrap kb-row-layout-id9106_cfd9a7-71 alignnone wp-block-kadence-rowlayout\"><div class=\"kt-row-column-wrap kt-has-1-columns kt-row-layout-equal kt-tab-layout-inherit kt-mobile-layout-row kt-row-valign-top kb-theme-content-width\">\n<style>.kadence-column9106_81fdf8-02 > .kt-inside-inner-col,.kadence-column9106_81fdf8-02 > .kt-inside-inner-col:before{border-top-left-radius:0px;border-top-right-radius:0px;border-bottom-right-radius:0px;border-bottom-left-radius:0px;}.kadence-column9106_81fdf8-02 > .kt-inside-inner-col{column-gap:var(--global-kb-gap-sm, 1rem);}.kadence-column9106_81fdf8-02 > .kt-inside-inner-col{flex-direction:column;}.kadence-column9106_81fdf8-02 > .kt-inside-inner-col > .aligncenter{width:100%;}.kadence-column9106_81fdf8-02 > .kt-inside-inner-col:before{opacity:0.3;}.kadence-column9106_81fdf8-02{position:relative;}@media all and (max-width: 1024px){.kadence-column9106_81fdf8-02 > .kt-inside-inner-col{flex-direction:column;justify-content:center;}}@media all and (max-width: 767px){.kadence-column9106_81fdf8-02 > .kt-inside-inner-col{flex-direction:column;justify-content:center;}}<\/style>\n<div class=\"wp-block-kadence-column kadence-column9106_81fdf8-02\"><div class=\"kt-inside-inner-col\"><style>.kb-image9106_bdce4a-63 .kb-image-has-overlay:after{opacity:0.3;}<\/style>\n<figure class=\"wp-block-kadence-image kb-image9106_bdce4a-63 size-large\"><img decoding=\"async\" width=\"1024\" height=\"320\" src=\"https:\/\/manuvision.dk\/wp-content\/uploads\/Kropsterapi_h\u251c\u00a9jre_banner-1024x320.jpg\" alt=\"\" class=\"kb-img wp-image-9681\" srcset=\"\" sizes=\"(max-width: 1024px) 100vw, 1024px\" data-srcset=\"\" \/><\/figure>\n\n\n\n<h3 class=\"wp-block-heading\">Tratamos en muchos pa\u00edses.<\/h3>\n\n\n\n<p>Puedes leer sobre la experiencia y competencias de los terapeutas individuales y encontrar el\/la <a href=\"https:\/\/manuvision.es\/es\/find-your-therapist\/\" data-type=\"page\" data-id=\"14186\">Terapeuta de Manuvision<\/a>, que se adapta a tus necesidades.<\/p>\n\n\n<style>.kb-image9106_84418b-39 .kb-image-has-overlay:after{opacity:0.3;}<\/style>\n<figure class=\"wp-block-kadence-image kb-image9106_84418b-39 size-full\"><img decoding=\"async\" width=\"2000\" height=\"1333\" src=\"https:\/\/manuvision.es\/wp-content\/uploads\/Para-web_13.jpg\" alt=\"\" class=\"kb-img wp-image-14279\" srcset=\"https:\/\/manuvision.es\/wp-content\/uploads\/Para-web_13.jpg 2000w, https:\/\/manuvision.es\/wp-content\/uploads\/Para-web_13-300x200.jpg 300w, https:\/\/manuvision.es\/wp-content\/uploads\/Para-web_13-1024x682.jpg 1024w, https:\/\/manuvision.es\/wp-content\/uploads\/Para-web_13-768x512.jpg 768w, https:\/\/manuvision.es\/wp-content\/uploads\/Para-web_13-1536x1024.jpg 1536w, https:\/\/manuvision.es\/wp-content\/uploads\/Para-web_13-18x12.jpg 18w\" sizes=\"(max-width: 2000px) 100vw, 2000px\" \/><\/figure>\n\n\n<style>.wp-block-kadence-advancedbtn.kb-btns9106_2017b6-7f{gap:var(--global-kb-gap-xs, 0.5rem );justify-content:flex-start;align-items:center;}.kt-btns9106_2017b6-7f .kt-button{font-weight:normal;font-style:normal;}.kt-btns9106_2017b6-7f .kt-btn-wrap-0{margin-right:5px;}.wp-block-kadence-advancedbtn.kt-btns9106_2017b6-7f .kt-btn-wrap-0 .kt-button{color:#555555;border-color:#555555;}.wp-block-kadence-advancedbtn.kt-btns9106_2017b6-7f .kt-btn-wrap-0 .kt-button:hover, .wp-block-kadence-advancedbtn.kt-btns9106_2017b6-7f .kt-btn-wrap-0 .kt-button:focus{color:#ffffff;border-color:#444444;}.wp-block-kadence-advancedbtn.kt-btns9106_2017b6-7f .kt-btn-wrap-0 .kt-button::before{display:none;}.wp-block-kadence-advancedbtn.kt-btns9106_2017b6-7f .kt-btn-wrap-0 .kt-button:hover, .wp-block-kadence-advancedbtn.kt-btns9106_2017b6-7f .kt-btn-wrap-0 .kt-button:focus{background:#444444;}<\/style>\n<div class=\"wp-block-kadence-advancedbtn kb-buttons-wrap kb-btns9106_2017b6-7f\"><style>ul.menu .wp-block-kadence-advancedbtn .kb-btn9106_19f907-40.kb-button{width:initial;}.kb-btn9106_19f907-40.kb-button .kb-svg-icon-wrap{font-size:28px;--kb-button-icon-size:28px;}<\/style><a class=\"kb-button kt-button button kb-btn9106_19f907-40 kt-btn-size-standard kt-btn-width-type-full kb-btn-global-inherit  kt-btn-has-text-true kt-btn-has-svg-false  wp-block-button__link wp-block-kadence-singlebtn\" href=\"https:\/\/manuvision.es\/es\/find-your-therapist\/\"><span class=\"kt-btn-inner-text\">Encuentra a tu TERAPEUTA<\/span><\/a><\/div>\n\n\n<style>.kb-image9106_f73c41-90 .kb-image-has-overlay:after{opacity:0.3;}<\/style>\n<figure class=\"wp-block-kadence-image kb-image9106_f73c41-90 size-large\"><img decoding=\"async\" width=\"1024\" height=\"320\" src=\"https:\/\/manuvision.es\/wp-content\/uploads\/HEADER_WEB4-2048x640-1-1024x320.png\" alt=\"\" class=\"kb-img wp-image-14038\" srcset=\"\" sizes=\"(max-width: 1024px) 100vw, 1024px\" data-srcset=\"\" \/><\/figure>\n\n\n\n<p>La terapia corporal Manuvision ha sido el foco del primer proyecto de investigaci\u00f3n en terapia corporal en Dinamarca, realizado por el Instituto Nacional de Salud P\u00fablica (SDU) en colaboraci\u00f3n con la Psiquiatr\u00eda de la Regi\u00f3n Capital de Dinamarca. Los resultados de la investigaci\u00f3n muestran que 6 meses de terapia corporal Manuvision pueden reducir o eliminar por completo los s\u00edntomas de TEPT en veteranos de guerra con TEPT. Leer m\u00e1s: <a href=\"\/es\/research-into-the-effects-of-manuvision-body-therapy\/\" data-type=\"page\" data-id=\"8776\">Investigaci\u00f3n sobre la terapia corporal Manuvision<\/a><\/p>\n\n\n<style>.wp-block-kadence-image.kb-image9106_5f1df9-94:not(.kb-specificity-added):not(.kb-extra-specificity-added){margin-top:var(--global-kb-spacing-md, 2rem);}.kb-image9106_5f1df9-94 .kb-image-has-overlay:after{opacity:0.3;}<\/style>\n<figure class=\"wp-block-kadence-image kb-image9106_5f1df9-94 size-full\"><img decoding=\"async\" width=\"600\" height=\"800\" src=\"https:\/\/manuvision.dk\/wp-content\/uploads\/podcast.jpg\" alt=\"\" class=\"kb-img wp-image-9749\" srcset=\"\" sizes=\"(max-width: 600px) 100vw, 600px\" data-srcset=\"\" \/><\/figure>\n\n\n\n<h3 class=\"wp-block-heading\">Podcast sobre terapia corporal<\/h3>\n\n\n\n<p>Manuvision publica podcasts donde profundizamos en temas que exploran la conexi\u00f3n entre cuerpo y mente, y hablamos sobre nuestra educaci\u00f3n y formaci\u00f3n continua. Actualmente estamos trabajando en la traducci\u00f3n de algunos de estos interesantes podcasts para ti.<\/p>\n\n\n<style>.wp-block-kadence-image.kb-image9106_555f28-64:not(.kb-specificity-added):not(.kb-extra-specificity-added){margin-top:var(--global-kb-spacing-md, 2rem);}.kb-image9106_555f28-64 .kb-image-has-overlay:after{opacity:0.3;}<\/style>\n<figure class=\"wp-block-kadence-image kb-image9106_555f28-64 size-large\"><img decoding=\"async\" width=\"768\" height=\"1024\" src=\"https:\/\/manuvision.dk\/wp-content\/uploads\/Nar_kroppen_er_i_krig-768x1024.jpg\" alt=\"\" class=\"kb-img wp-image-10924\" srcset=\"\" sizes=\"(max-width: 768px) 100vw, 768px\" data-srcset=\"\" \/><\/figure>\n\n\n\n<h2 class=\"wp-block-heading\">Libro sobre tratamiento del trauma<\/h2>\n\n\n\n<p>En el libro \u201cCuando el cuerpo est\u00e1 en guerra\u201d reunimos los hilos de 25 a\u00f1os de pr\u00e1ctica en tratamiento con las experiencias del proyecto de investigaci\u00f3n sobre el efecto de la terapia corporal Manuvision frente al TEPT, realizado por el Instituto Dan\u00e9s de Salud P\u00fablica (SDU). Presentamos nuestro trabajo con la conciencia relacional y corporal, as\u00ed como los principios y t\u00e9cnicas que pueden regular el equilibrio del sistema nervioso y generar cambios en personas expuestas a trauma. Tambi\u00e9n estamos trabajando en la traducci\u00f3n de \u201cCuando el cuerpo est\u00e1 en guerra\u201d.<\/p>\n\n\n<style>.wp-block-kadence-advancedbtn.kb-btns9106_346142-4a{gap:var(--global-kb-gap-xs, 0.5rem );justify-content:flex-start;align-items:center;}.kt-btns9106_346142-4a .kt-button{font-weight:normal;font-style:normal;}.kt-btns9106_346142-4a .kt-btn-wrap-0{margin-right:5px;}.wp-block-kadence-advancedbtn.kt-btns9106_346142-4a .kt-btn-wrap-0 .kt-button{color:#555555;border-color:#555555;}.wp-block-kadence-advancedbtn.kt-btns9106_346142-4a .kt-btn-wrap-0 .kt-button:hover, .wp-block-kadence-advancedbtn.kt-btns9106_346142-4a .kt-btn-wrap-0 .kt-button:focus{color:#ffffff;border-color:#444444;}.wp-block-kadence-advancedbtn.kt-btns9106_346142-4a .kt-btn-wrap-0 .kt-button::before{display:none;}.wp-block-kadence-advancedbtn.kt-btns9106_346142-4a .kt-btn-wrap-0 .kt-button:hover, .wp-block-kadence-advancedbtn.kt-btns9106_346142-4a .kt-btn-wrap-0 .kt-button:focus{background:#444444;}<\/style>\n<div class=\"wp-block-kadence-advancedbtn kb-buttons-wrap kb-btns9106_346142-4a\"><style>ul.menu .wp-block-kadence-advancedbtn .kb-btn9106_fdc0a0-23.kb-button{width:initial;}.kb-btn9106_fdc0a0-23.kb-button .kb-svg-icon-wrap{font-size:28px;--kb-button-icon-size:28px;}<\/style><a class=\"kb-button kt-button button kb-btn9106_fdc0a0-23 kt-btn-size-standard kt-btn-width-type-full kb-btn-global-inherit  kt-btn-has-text-true kt-btn-has-svg-false  wp-block-button__link wp-block-kadence-singlebtn\" href=\"https:\/\/manuvision.es\/es\/find-your-therapist\/\"><span class=\"kt-btn-inner-text\">Reservar un tratamiento<\/span><\/a><\/div>\n<\/div><\/div>\n\n<\/div><\/div><\/div><\/div>\n\n<\/div><\/div>","protected":false},"excerpt":{"rendered":"<p>Manuvision has extensive experience and success in treating children with body therapy &#8211; of all ages, from infants to teenagers. Children, just like adults, can need a helping hand to&#8230;<\/p>","protected":false},"author":1,"featured_media":0,"parent":0,"menu_order":0,"comment_status":"closed","ping_status":"closed","template":"","meta":{"_acf_changed":false,"inline_featured_image":false,"_kad_blocks_custom_css":"","_kad_blocks_head_custom_js":"","_kad_blocks_body_custom_js":"","_kad_blocks_footer_custom_js":"","_kad_post_transparent":"","_kad_post_title":"","_kad_post_layout":"","_kad_post_sidebar_id":"","_kad_post_content_style":"","_kad_post_vertical_padding":"","_kad_post_feature":"","_kad_post_feature_position":"","_kad_post_header":false,"_kad_post_footer":false,"_kad_post_classname":"","footnotes":""},"class_list":["post-209","page","type-page","status-publish","hentry"],"acf":[],"taxonomy_info":[],"featured_image_src_large":false,"author_info":{"display_name":"webto","author_link":"https:\/\/manuvision.es\/es\/author\/webto\/"},"comment_info":0,"_links":{"self":[{"href":"https:\/\/manuvision.es\/es\/wp-json\/wp\/v2\/pages\/209","targetHints":{"allow":["GET"]}}],"collection":[{"href":"https:\/\/manuvision.es\/es\/wp-json\/wp\/v2\/pages"}],"about":[{"href":"https:\/\/manuvision.es\/es\/wp-json\/wp\/v2\/types\/page"}],"author":[{"embeddable":true,"href":"https:\/\/manuvision.es\/es\/wp-json\/wp\/v2\/users\/1"}],"replies":[{"embeddable":true,"href":"https:\/\/manuvision.es\/es\/wp-json\/wp\/v2\/comments?post=209"}],"version-history":[{"count":6,"href":"https:\/\/manuvision.es\/es\/wp-json\/wp\/v2\/pages\/209\/revisions"}],"predecessor-version":[{"id":14046,"href":"https:\/\/manuvision.es\/es\/wp-json\/wp\/v2\/pages\/209\/revisions\/14046"}],"wp:attachment":[{"href":"https:\/\/manuvision.es\/es\/wp-json\/wp\/v2\/media?parent=209"}],"curies":[{"name":"wp","href":"https:\/\/api.w.org\/{rel}","templated":true}]}}