{"id":252,"date":"2020-05-28T10:28:53","date_gmt":"2020-05-28T08:28:53","guid":{"rendered":"http:\/\/manuvision.dk.web04.webtohosting.dk\/?page_id=252"},"modified":"2026-04-09T09:46:05","modified_gmt":"2026-04-09T07:46:05","slug":"education-in-shock-trauma-treatment","status":"publish","type":"page","link":"https:\/\/manuvision.es\/es\/education-in-shock-trauma-treatment\/","title":{"rendered":"Formaci\u00f3n en tratamiento de shock y trauma"},"content":{"rendered":"<style>.kb-row-layout-id252_9c4ef0-7b > .kt-row-column-wrap{align-content:start;}:where(.kb-row-layout-id252_9c4ef0-7b > .kt-row-column-wrap) > .wp-block-kadence-column{justify-content:start;}.kb-row-layout-id252_9c4ef0-7b > .kt-row-column-wrap{column-gap:var(--global-kb-gap-none, 0rem );row-gap:var(--global-kb-gap-none, 0rem );max-width:var( --global-content-width, 1350px );padding-left:var(--global-content-edge-padding);padding-right:var(--global-content-edge-padding);padding-top:0px;padding-right:0px;padding-bottom:0px;grid-template-columns:minmax(0, calc(65% - ((var(--global-kb-gap-none, 0rem ) * 1 )\/2)))minmax(0, calc(35% - ((var(--global-kb-gap-none, 0rem ) * 1 )\/2)));}.kb-row-layout-id252_9c4ef0-7b{background-image:linear-gradient(90deg,var(--global-palette9,#ecf2ed) 70%,var(--global-palette8,#dce6e1) 70%);}.kb-row-layout-id252_9c4ef0-7b > .kt-row-layout-overlay{opacity:0.30;}@media all and (max-width: 1024px), only screen and (min-device-width: 1024px) and (max-device-width: 1366px) and (-webkit-min-device-pixel-ratio: 2) and (hover: none){.kb-row-layout-wrap.wp-block-kadence-rowlayout.kb-row-layout-id252_9c4ef0-7b{background-image:linear-gradient(90deg,var(--global-palette9,#ecf2ed) 75%,var(--global-palette8,#dce6e1) 75%);}}@media all and (max-width: 1024px), only screen and (min-device-width: 1024px) and (max-device-width: 1366px) and (-webkit-min-device-pixel-ratio: 2) and (hover: none){.kb-row-layout-id252_9c4ef0-7b .kb-blocks-bg-video-container,.kb-row-layout-id252_9c4ef0-7b .kb-blocks-bg-slider{display:none;}}@media all and (max-width: 1024px){.kb-row-layout-id252_9c4ef0-7b > .kt-row-column-wrap{column-gap:var(--global-kb-gap-md, 2rem);padding-top:0px;padding-bottom:0px;grid-template-columns:repeat(2, minmax(0, 1fr));}}@media all and (max-width: 767px){.kb-row-layout-id252_9c4ef0-7b > .kt-row-column-wrap{column-gap:64px;padding-top:0px;padding-bottom:0px;padding-left:0px;grid-template-columns:minmax(0, 1fr);}.kb-row-layout-wrap.wp-block-kadence-rowlayout.kb-row-layout-id252_9c4ef0-7b{background:var(--global-palette9, #ffffff);}.kb-row-layout-id252_9c4ef0-7b .kb-blocks-bg-video-container,.kb-row-layout-id252_9c4ef0-7b .kb-blocks-bg-slider{display:none;}}<\/style><div class=\"kb-row-layout-wrap kb-row-layout-id252_9c4ef0-7b alignnone has-theme-palette9-background-color kt-row-has-bg wp-block-kadence-rowlayout\"><div class=\"kt-row-column-wrap kt-has-2-columns kt-row-layout-equal kt-tab-layout-inherit kt-mobile-layout-row kt-row-valign-top kt-inner-column-height-full kb-theme-content-width\">\n<style>.kadence-column252_29663d-0f > .kt-inside-inner-col,.kadence-column252_29663d-0f > .kt-inside-inner-col:before{border-top-left-radius:0px;border-top-right-radius:0px;border-bottom-right-radius:0px;border-bottom-left-radius:0px;}.kadence-column252_29663d-0f > .kt-inside-inner-col{column-gap:var(--global-kb-gap-sm, 1rem);}.kadence-column252_29663d-0f > .kt-inside-inner-col{flex-direction:column;}.kadence-column252_29663d-0f > .kt-inside-inner-col > .aligncenter{width:100%;}.kadence-column252_29663d-0f > .kt-inside-inner-col:before{opacity:0.3;}.kadence-column252_29663d-0f{position:relative;}@media all and (max-width: 1024px){.kadence-column252_29663d-0f > .kt-inside-inner-col{flex-direction:column;justify-content:center;}}@media all and (max-width: 767px){.kadence-column252_29663d-0f > .kt-inside-inner-col{flex-direction:column;justify-content:center;}}<\/style>\n<div class=\"wp-block-kadence-column kadence-column252_29663d-0f\"><div class=\"kt-inside-inner-col\"><style>.kadence-column252_eaa71e-ac > .kt-inside-inner-col,.kadence-column252_eaa71e-ac > .kt-inside-inner-col:before{border-top-left-radius:0px;border-top-right-radius:0px;border-bottom-right-radius:0px;border-bottom-left-radius:0px;}.kadence-column252_eaa71e-ac > .kt-inside-inner-col{column-gap:var(--global-kb-gap-sm, 1rem);}.kadence-column252_eaa71e-ac > .kt-inside-inner-col{flex-direction:column;}.kadence-column252_eaa71e-ac > .kt-inside-inner-col > .aligncenter{width:100%;}.kadence-column252_eaa71e-ac > .kt-inside-inner-col:before{opacity:0.3;}.kadence-column252_eaa71e-ac{position:relative;}.kadence-column252_eaa71e-ac, .kt-inside-inner-col > .kadence-column252_eaa71e-ac:not(.specificity){margin-top:var(--global-kb-spacing-md, 2rem);margin-right:var(--global-kb-spacing-md, 2rem);margin-bottom:var(--global-kb-spacing-md, 2rem);}@media all and (max-width: 1024px){.kadence-column252_eaa71e-ac > .kt-inside-inner-col{flex-direction:column;justify-content:center;}}@media all and (max-width: 1024px){.kadence-column252_eaa71e-ac, .kt-inside-inner-col > .kadence-column252_eaa71e-ac:not(.specificity){margin-left:0px;}}@media all and (max-width: 767px){.kadence-column252_eaa71e-ac > .kt-inside-inner-col{flex-direction:column;justify-content:center;}.kadence-column252_eaa71e-ac, .kt-inside-inner-col > .kadence-column252_eaa71e-ac:not(.specificity){margin-left:var(--global-kb-spacing-md, 2rem);}}<\/style>\n<div class=\"wp-block-kadence-column kadence-column252_eaa71e-ac\"><div class=\"kt-inside-inner-col\">\n<h4 class=\"wp-block-heading\">La formaci\u00f3n avanzada de Manuvision en shock y trauma capacita a los terapeutas certificados en Manuvision para tratar a personas cuyo sistema nervioso se ha visto debilitado como consecuencia de experiencias de shock y trauma. El programa se basa en nuestra experiencia en el tratamiento de casos graves de estr\u00e9s y en la evidencia que respalda la eficacia de la terapia corporal de Manuvision en el tratamiento del TEPT.<\/h4>\n\n\n<style>.kb-image252_bf0949-e1 .kb-image-has-overlay:after{opacity:0.3;}<\/style>\n<figure class=\"wp-block-kadence-image kb-image252_bf0949-e1 size-large\"><img decoding=\"async\" width=\"1024\" height=\"682\" src=\"https:\/\/manuvision.es\/wp-content\/uploads\/Para-web_6-1024x682.jpg\" alt=\"\" class=\"kb-img wp-image-14423\" srcset=\"\" sizes=\"(max-width: 1024px) 100vw, 1024px\" data-srcset=\"\" \/><\/figure>\n\n\n\n<h2 class=\"wp-block-heading\">Formaci\u00f3n especializada en el tratamiento del shock y el trauma<\/h2>\n\n\n\n<hr class=\"wp-block-separator has-alpha-channel-opacity\"\/>\n\n\n\n<p>Manuvision es el \u00fanico programa de formaci\u00f3n en terapia corporal que ofrece una formaci\u00f3n avanzada basada en la investigaci\u00f3n para el tratamiento del shock y el trauma. Estamos orgullosos de transmitir nuestros conocimientos y t\u00e9cnicas fundamentados en la evidencia a los terapeutas de Manuvision que desean especializarse en el tratamiento de casos graves de estr\u00e9s, ansiedad y depresi\u00f3n.<\/p>\n\n\n\n<p><strong>I<\/strong>En la formaci\u00f3n de Terapia Corporal Manuvision, aprender\u00e1s principalmente a tratar s\u00edntomas de estr\u00e9s en personas con un sistema nervioso equilibrado. En el curso de \u201cShock y Trauma\u201d, nos centramos espec\u00edficamente en el tratamiento de personas con un sistema nervioso debilitado. Estos ser\u00e1n, por lo general, personas que:<\/p>\n\n\n\n<ul class=\"wp-block-list\">\n<li>Han sido v\u00edctimas de accidentes inesperados, violaci\u00f3n, violencia o una infancia dif\u00edcil<\/li>\n\n\n\n<li>Sufren de TEPT o de casos graves de estr\u00e9s, ansiedad y depresi\u00f3n<\/li>\n\n\n\n<li>Son hijos de padres con TEPT o con casos graves de ansiedad y depresi\u00f3n<\/li>\n<\/ul>\n\n\n\n<p><strong>El programa se divide en dos bloques de dos m\u00f3dulos cada uno.<\/strong><\/p>\n\n\n\n<p>Bloque 1: <strong>Tratamiento del TEPT = M\u00f3dulos 1 y 2<\/strong><\/p>\n\n\n\n<p><strong>Curso Manuvision Shock\/Trauma \u2013 M\u00f3dulo 1<\/strong><br>Contenido: Adquirir\u00e1s una comprensi\u00f3n del sistema nervioso a trav\u00e9s de la teor\u00eda y la pr\u00e1ctica, una introducci\u00f3n pr\u00e1ctica a m\u00e9todos, ejercicios y herramientas de regulaci\u00f3n para trabajar con estr\u00e9s de primer y segundo grado. Adem\u00e1s, obtendr\u00e1s una comprensi\u00f3n m\u00e1s profunda de los mecanismos de defensa inmediatos del cuerpo. Desde este m\u00f3dulo, tambi\u00e9n trabajaremos con la pr\u00e1ctica del terapeuta y el camino para convertirse en un \u201csuperregulador\u201d.\nResultado: Ser\u00e1s capaz de trabajar con estados de TEPT m\u00e1s leves (hiperactivaci\u00f3n).<\/p>\n\n\n\n<p><strong>Curso Manuvision Shock\/Trauma \u2013 M\u00f3dulo 2<\/strong><br>Contenido: Profundizar\u00e1s en la comprensi\u00f3n de la empat\u00eda y la paradoja del cambio; aprender\u00e1s a pasar de las palabras a los estados de activaci\u00f3n y sensaciones; desarrollar\u00e1s recursos a trav\u00e9s de habilidades sensoriomotoras e interocepci\u00f3n; y realizar\u00e1s ejercicios de delimitaci\u00f3n y espacio personal.<br>Resultado: Ser\u00e1s capaz de trabajar con estados de TEPT m\u00e1s profundos (hiperactivaci\u00f3n).<\/p>\n\n\n\n<p><\/p>\n\n\n\n<p><strong>Bloque 2: Tratamiento del TEPT complejo = M\u00f3dulos 3 y 4<\/strong><\/p>\n\n\n\n<p><strong>Curso Manuvision Shock\/Trauma \u2013 M\u00f3dulo 3<\/strong><br>Contenido: A trav\u00e9s de la teor\u00eda y la pr\u00e1ctica, adquirir\u00e1s una comprensi\u00f3n del sistema nervioso desorganizado y del cerebro triuno, as\u00ed como del significado del trauma de apego, el ni\u00f1o interior y los estados de verg\u00fcenza. Trabajaremos con ejercicios de desarrollo de recursos, incluyendo una introducci\u00f3n a ejercicios neoc\u00e9ntricos, as\u00ed como la diferenciaci\u00f3n de emociones, sensaciones y patrones de apego.<br>Resultado: Adquirir\u00e1s una comprensi\u00f3n y comenzar\u00e1s a trabajar con el TEPT complejo, el trauma infantil y los estados de hipoactivaci\u00f3n.<\/p>\n\n\n\n<p><strong>Curso Manuvision Shock\/Trauma \u2013 M\u00f3dulo 4<\/strong><br>Contenido: Pondremos especial \u00e9nfasis en c\u00f3mo dosificar la intervenci\u00f3n en trauma, con ejercicios interoceptivos y diferenciaci\u00f3n de nuestras propias emociones y sensaciones. A trav\u00e9s de ejercicios de relaci\u00f3n y delimitaci\u00f3n, profundizaremos en la comprensi\u00f3n de la interacci\u00f3n entre los recursos y el apego. Resultado: Ser\u00e1s capaz de trabajar con el TEPT complejo, el trauma infantil y la dosificaci\u00f3n en el abordaje del trauma.<br>El curso finaliza con un examen.<\/p>\n\n\n\n<p><\/p>\n\n\n\n<h2 class=\"wp-block-heading\">La formaci\u00f3n se basa en la investigaci\u00f3n sobre la terapia corporal de Manuvision en el tratamiento del TEPT.<\/h2>\n\n\n\n<p>Cuando una persona est\u00e1 expuesta a situaciones de shock y trauma, la parte del sistema nervioso encargada de la interacci\u00f3n social y de la relaci\u00f3n con el entorno se debilita, lo que puede derivar en TEPT o en casos graves de estr\u00e9s, ansiedad y depresi\u00f3n. A trav\u00e9s de nuestro trabajo e investigaci\u00f3n en el tratamiento de casos severos de estr\u00e9s y TEPT, Manuvision ha desarrollado t\u00e9cnicas espec\u00edficas para trabajar a trav\u00e9s del sistema nervioso y ayudar a la persona afectada a salir de estados f\u00edsicos y psicol\u00f3gicos complejos. <\/p>\n\n\n\n<p>Leer m\u00e1s: <a href=\"\/es\/research-into-the-effects-of-manuvision-body-therapy\/\" data-type=\"page\" data-id=\"8776\">Investigaci\u00f3n sobre el TEPT<\/a><\/p>\n\n\n\n<h2 class=\"wp-block-heading\">Aprende a tratar el shock y el trauma<\/h2>\n\n\n\n<hr class=\"wp-block-separator has-alpha-channel-opacity\"\/>\n\n\n\n<p>En este programa de formaci\u00f3n, basado en este conocimiento especializado, te ense\u00f1aremos a tratar los s\u00edntomas asociados a un sistema nervioso debilitado como consecuencia del shock y el trauma. Estos incluyen s\u00edntomas psicol\u00f3gicos y f\u00edsicos como:<\/p>\n\n\n\n<ul class=\"wp-block-list\">\n<li>Inquietud, pensamientos acelerados y dificultades de memoria<\/li>\n\n\n\n<li>Tendencia al aislamiento<\/li>\n\n\n\n<li>Trastornos del sue\u00f1o y pesadillas<\/li>\n\n\n\n<li>Ansiedad<\/li>\n\n\n\n<li>Depresi\u00f3n<\/li>\n\n\n\n<li>Mareo y dificultad para respirar<\/li>\n\n\n\n<li>Dolor muscular y articular<\/li>\n\n\n\n<li>Problemas digestivos<\/li>\n<\/ul>\n\n\n\n<h2 class=\"wp-block-heading\">La formaci\u00f3n incluye:<\/h2>\n\n\n\n<ul class=\"wp-block-list\">\n<li>Una introducci\u00f3n pr\u00e1ctica a la lectura de la actividad del sistema nervioso en el cuerpo<\/li>\n\n\n\n<li>Introducci\u00f3n a t\u00e9cnicas espec\u00edficas para activar el nervio vago y estabilizar las reacciones traum\u00e1ticas<\/li>\n\n\n\n<li>Introducci\u00f3n a la creaci\u00f3n y mantenimiento de un espacio seguro al trabajar con personas traumatizadas<\/li>\n\n\n\n<li>Introducci\u00f3n te\u00f3rica al sistema nervioso polivagal basada en la investigaci\u00f3n de Stephen Porges<\/li>\n\n\n\n<li>El programa se divide en 4 m\u00f3dulos, cada uno compuesto por 4 d\u00edas de formaci\u00f3n. Los m\u00f3dulos pueden realizarse de forma individual (aunque deben seguirse en orden).<\/li>\n\n\n\n<li>Los dos bloques del programa (M\u00f3dulos 1+2 y M\u00f3dulos 3+4) finalizan con un examen.<\/li>\n<\/ul>\n\n\n\n<h2 class=\"wp-block-heading\">Aprender\u00e1s a: <\/h2>\n\n\n\n<ul class=\"wp-block-list\">\n<li>Identificar, normalizar y estabilizar las reacciones traum\u00e1ticas<\/li>\n\n\n\n<li>Comunicarte con el cuerpo y la mente sensible<\/li>\n\n\n\n<li>Identificar la contracci\u00f3n y expansi\u00f3n en las diferentes capas del cuerpo y su relaci\u00f3n con el sistema nervioso social<\/li>\n\n\n\n<li>Comprender la relaci\u00f3n entre la respiraci\u00f3n, las emociones y el sistema nervioso<\/li>\n\n\n\n<li>Diferenciar entre un trauma por shock y un trauma por estr\u00e9s prolongado<\/li>\n\n\n\n<li><strong>T<\/strong>Trabajar con grupos, facilitando din\u00e1micas e intervenciones con personas vulnerables<\/li>\n\n\n\n<li><strong>T<\/strong>Guiar la atenci\u00f3n hacia el cuerpo, tanto en tratamiento como en meditaci\u00f3n<\/li>\n\n\n\n<li>Regular tu propio sistema nervioso para mantenerte separado de las reacciones del cliente<\/li>\n<\/ul>\n\n\n\n<p><\/p>\n\n\n\n<h2 class=\"wp-block-heading\">Requisitos de admisi\u00f3n<\/h2>\n\n\n\n<p>Debes ser terapeuta corporal formado en Manuvision y trabajar con clientes de forma regular. Se valorar\u00e1 positivamente tener experiencia personal con la meditaci\u00f3n m\u00e1s all\u00e1 de la formaci\u00f3n formal.<\/p>\n\n\n\n<p>Profesores del programa\nMette Steen Jakobsen, y posiblemente instructores externos.<\/p>\n\n\n\n<h2 class=\"wp-block-heading\">Informaci\u00f3n pr\u00e1ctica y fechas<\/h2>\n\n\n\n<p>El programa de formaci\u00f3n continua consta de 4 m\u00f3dulos, con 5 d\u00edas de ense\u00f1anza intensiva por m\u00f3dulo, en d\u00edas laborables y fines de semana. Se espera la realizaci\u00f3n de tareas entre los m\u00f3dulos.\nEsperamos iniciar la pr\u00f3xima formaci\u00f3n en 2027. <\/p>\n\n\n\n<p>Para m\u00e1s informaci\u00f3n sobre fechas y precios, puedes ponerte en contacto con nosotros aqu\u00ed: info@manuvision.es.&nbsp;<a href=\"mailto:info@manuvision.es\" target=\"_blank\" rel=\"noreferrer noopener\">info@manuvision.es<\/a>.<\/p>\n<\/div><\/div>\n<\/div><\/div>\n\n\n<style>.kadence-column252_7fa96f-6c > .kt-inside-inner-col{padding-top:var(--global-kb-spacing-lg, 3rem);padding-right:var(--global-kb-spacing-md, 2rem);padding-bottom:var(--global-kb-spacing-lg, 3rem);padding-left:var(--global-kb-spacing-md, 2rem);}.kadence-column252_7fa96f-6c > .kt-inside-inner-col,.kadence-column252_7fa96f-6c > .kt-inside-inner-col:before{border-top-left-radius:0px;border-top-right-radius:0px;border-bottom-right-radius:0px;border-bottom-left-radius:0px;}.kadence-column252_7fa96f-6c > .kt-inside-inner-col{column-gap:var(--global-kb-gap-sm, 1rem);}.kadence-column252_7fa96f-6c > .kt-inside-inner-col{flex-direction:column;}.kadence-column252_7fa96f-6c > .kt-inside-inner-col > .aligncenter{width:100%;}.kadence-column252_7fa96f-6c > .kt-inside-inner-col{background-color:var(--global-palette8, #F7FAFC);}.kadence-column252_7fa96f-6c > .kt-inside-inner-col:before{opacity:0.3;}.kadence-column252_7fa96f-6c{position:relative;}@media all and (max-width: 1024px){.kadence-column252_7fa96f-6c > .kt-inside-inner-col{flex-direction:column;justify-content:center;}}@media all and (max-width: 767px){.kadence-column252_7fa96f-6c > .kt-inside-inner-col{flex-direction:column;justify-content:center;}}<\/style>\n<div class=\"wp-block-kadence-column kadence-column252_7fa96f-6c\"><div class=\"kt-inside-inner-col\"><style>.kb-image252_1ba787-cf .kb-image-has-overlay:after{opacity:0.3;}<\/style>\n<figure class=\"wp-block-kadence-image kb-image252_1ba787-cf size-full\"><img decoding=\"async\" width=\"1200\" height=\"1200\" src=\"https:\/\/manuvision.es\/wp-content\/uploads\/ChokTraumeEng.png\" alt=\"\" class=\"kb-img wp-image-14543\" srcset=\"https:\/\/manuvision.es\/wp-content\/uploads\/ChokTraumeEng.png 1200w, https:\/\/manuvision.es\/wp-content\/uploads\/ChokTraumeEng-300x300.png 300w, https:\/\/manuvision.es\/wp-content\/uploads\/ChokTraumeEng-1024x1024.png 1024w, https:\/\/manuvision.es\/wp-content\/uploads\/ChokTraumeEng-150x150.png 150w, https:\/\/manuvision.es\/wp-content\/uploads\/ChokTraumeEng-768x768.png 768w, https:\/\/manuvision.es\/wp-content\/uploads\/ChokTraumeEng-12x12.png 12w, https:\/\/manuvision.es\/wp-content\/uploads\/ChokTraumeEng-420x420.png 420w\" sizes=\"(max-width: 1200px) 100vw, 1200px\" \/><\/figure>\n\n\n\n<h3 class=\"wp-block-heading\">\u00bfQuieres saber m\u00e1s?<\/h3>\n\n\n\n<p><br>Escr\u00edbenos a info@manuvision.es.<\/p>\n\n\n<style>.kb-image252_184e16-c5 .kb-image-has-overlay:after{opacity:0.3;}<\/style>\n<figure class=\"wp-block-kadence-image kb-image252_184e16-c5 size-large\"><img decoding=\"async\" width=\"1024\" height=\"320\" src=\"https:\/\/manuvision.es\/wp-content\/uploads\/HEADER_WEB4-2048x640-1-1024x320.png\" alt=\"\" class=\"kb-img wp-image-14038\" srcset=\"\" sizes=\"(max-width: 1024px) 100vw, 1024px\" data-srcset=\"\" \/><\/figure>\n\n\n\n<p>La terapia corporal Manuvision ha sido el foco del primer proyecto de investigaci\u00f3n en terapia corporal en Dinamarca, realizado por el Instituto Nacional de Salud P\u00fablica (SDU) en colaboraci\u00f3n con la Psiquiatr\u00eda de la Regi\u00f3n Capital de Dinamarca. Los resultados de la investigaci\u00f3n muestran que 6 meses de terapia corporal Manuvision pueden reducir o eliminar por completo los s\u00edntomas de TEPT en veteranos de guerra con TEPT. Leer m\u00e1s: <a href=\"\/es\/research-into-the-effects-of-manuvision-body-therapy\/\" data-type=\"page\" data-id=\"8776\">Investigaci\u00f3n sobre la terapia corporal de Manuvision<\/a><\/p>\n\n\n<style>.kb-image252_3bfc31-55 .kb-image-has-overlay:after{opacity:0.3;}<\/style>\n<figure class=\"wp-block-kadence-image kb-image252_3bfc31-55 size-large\"><img decoding=\"async\" width=\"768\" height=\"1024\" src=\"https:\/\/manuvision.dk\/wp-content\/uploads\/Nar_kroppen_er_i_krig-768x1024.jpg\" alt=\"\" class=\"kb-img wp-image-10924\" srcset=\"\" sizes=\"(max-width: 768px) 100vw, 768px\" data-srcset=\"\" \/><\/figure>\n\n\n\n<h2 class=\"wp-block-heading\">Libro sobre el tratamiento del trauma<\/h2>\n\n\n\n<p>En el libro \u201cCuando el cuerpo est\u00e1 en guerra\u201d reunimos los hilos de 25 a\u00f1os de pr\u00e1ctica en tratamiento con las experiencias del proyecto de investigaci\u00f3n sobre el efecto de la terapia corporal Manuvision frente al TEPT, realizado por el Instituto Dan\u00e9s de Salud P\u00fablica (SDU). Presentamos nuestro trabajo con la conciencia relacional y corporal, as\u00ed como los principios y t\u00e9cnicas que pueden regular el equilibrio del sistema nervioso y generar cambios en personas expuestas a trauma. Tambi\u00e9n estamos trabajando en la traducci\u00f3n de \u201cCuando el cuerpo est\u00e1 en guerra\u201d. <\/p>\n<\/div><\/div>\n\n<\/div><\/div>","protected":false},"excerpt":{"rendered":"<p>Manuvision&#8217;s advanced training in shock\/trauma equips certified Manuvision therapists to treat clients whose nervous systems have been weakened as a result of shock and trauma. The program is based on&#8230;<\/p>","protected":false},"author":1,"featured_media":0,"parent":0,"menu_order":0,"comment_status":"closed","ping_status":"closed","template":"","meta":{"_acf_changed":false,"inline_featured_image":false,"_kad_blocks_custom_css":"","_kad_blocks_head_custom_js":"","_kad_blocks_body_custom_js":"","_kad_blocks_footer_custom_js":"","_kad_post_transparent":"","_kad_post_title":"","_kad_post_layout":"","_kad_post_sidebar_id":"","_kad_post_content_style":"","_kad_post_vertical_padding":"","_kad_post_feature":"","_kad_post_feature_position":"","_kad_post_header":false,"_kad_post_footer":false,"_kad_post_classname":"","footnotes":""},"class_list":["post-252","page","type-page","status-publish","hentry"],"acf":[],"taxonomy_info":[],"featured_image_src_large":false,"author_info":{"display_name":"webto","author_link":"https:\/\/manuvision.es\/es\/author\/webto\/"},"comment_info":0,"_links":{"self":[{"href":"https:\/\/manuvision.es\/es\/wp-json\/wp\/v2\/pages\/252","targetHints":{"allow":["GET"]}}],"collection":[{"href":"https:\/\/manuvision.es\/es\/wp-json\/wp\/v2\/pages"}],"about":[{"href":"https:\/\/manuvision.es\/es\/wp-json\/wp\/v2\/types\/page"}],"author":[{"embeddable":true,"href":"https:\/\/manuvision.es\/es\/wp-json\/wp\/v2\/users\/1"}],"replies":[{"embeddable":true,"href":"https:\/\/manuvision.es\/es\/wp-json\/wp\/v2\/comments?post=252"}],"version-history":[{"count":56,"href":"https:\/\/manuvision.es\/es\/wp-json\/wp\/v2\/pages\/252\/revisions"}],"predecessor-version":[{"id":14927,"href":"https:\/\/manuvision.es\/es\/wp-json\/wp\/v2\/pages\/252\/revisions\/14927"}],"wp:attachment":[{"href":"https:\/\/manuvision.es\/es\/wp-json\/wp\/v2\/media?parent=252"}],"curies":[{"name":"wp","href":"https:\/\/api.w.org\/{rel}","templated":true}]}}