{"id":3451,"date":"2022-02-22T12:10:25","date_gmt":"2022-02-22T11:10:25","guid":{"rendered":"https:\/\/manuvision.dk\/?page_id=3451"},"modified":"2026-04-10T13:28:21","modified_gmt":"2026-04-10T11:28:21","slug":"treatment-of-trauma-and-ptsd","status":"publish","type":"page","link":"https:\/\/manuvision.es\/es\/treatment-of-trauma-and-ptsd\/","title":{"rendered":"Tratamiento del trauma y el TEPT"},"content":{"rendered":"<style>.kb-row-layout-id3451_a2b821-0a > .kt-row-column-wrap{align-content:start;}:where(.kb-row-layout-id3451_a2b821-0a > .kt-row-column-wrap) > .wp-block-kadence-column{justify-content:start;}.kb-row-layout-id3451_a2b821-0a > .kt-row-column-wrap{column-gap:var(--global-kb-gap-none, 0rem );row-gap:var(--global-kb-gap-none, 0rem );max-width:var( --global-content-width, 1350px );padding-left:var(--global-content-edge-padding);padding-right:var(--global-content-edge-padding);padding-top:0px;padding-right:0px;padding-bottom:0px;grid-template-columns:minmax(0, calc(65% - ((var(--global-kb-gap-none, 0rem ) * 1 )\/2)))minmax(0, calc(35% - ((var(--global-kb-gap-none, 0rem ) * 1 )\/2)));}.kb-row-layout-id3451_a2b821-0a{background-image:linear-gradient(90deg,var(--global-palette9,#ecf2ed) 70%,var(--global-palette8,#dce6e1) 70%);}.kb-row-layout-id3451_a2b821-0a > .kt-row-layout-overlay{opacity:0.30;}@media all and (max-width: 1024px), only screen and (min-device-width: 1024px) and (max-device-width: 1366px) and (-webkit-min-device-pixel-ratio: 2) and (hover: none){.kb-row-layout-wrap.wp-block-kadence-rowlayout.kb-row-layout-id3451_a2b821-0a{background-image:linear-gradient(90deg,var(--global-palette9,#ecf2ed) 75%,var(--global-palette8,#dce6e1) 75%);}}@media all and (max-width: 1024px), only screen and (min-device-width: 1024px) and (max-device-width: 1366px) and (-webkit-min-device-pixel-ratio: 2) and (hover: none){.kb-row-layout-id3451_a2b821-0a .kb-blocks-bg-video-container,.kb-row-layout-id3451_a2b821-0a .kb-blocks-bg-slider{display:none;}}@media all and (max-width: 1024px){.kb-row-layout-id3451_a2b821-0a > .kt-row-column-wrap{column-gap:var(--global-kb-gap-md, 2rem);padding-top:0px;padding-bottom:0px;grid-template-columns:repeat(2, minmax(0, 1fr));}}@media all and (max-width: 767px){.kb-row-layout-id3451_a2b821-0a > .kt-row-column-wrap{column-gap:64px;padding-top:0px;padding-bottom:0px;padding-left:0px;grid-template-columns:minmax(0, 1fr);}.kb-row-layout-wrap.wp-block-kadence-rowlayout.kb-row-layout-id3451_a2b821-0a{background:var(--global-palette9, #ffffff);}.kb-row-layout-id3451_a2b821-0a .kb-blocks-bg-video-container,.kb-row-layout-id3451_a2b821-0a .kb-blocks-bg-slider{display:none;}}<\/style><div class=\"kb-row-layout-wrap kb-row-layout-id3451_a2b821-0a alignnone has-theme-palette9-background-color kt-row-has-bg wp-block-kadence-rowlayout\"><div class=\"kt-row-column-wrap kt-has-2-columns kt-row-layout-equal kt-tab-layout-inherit kt-mobile-layout-row kt-row-valign-top kb-theme-content-width\">\n<style>.kadence-column3451_a3b5f9-05 > .kt-inside-inner-col,.kadence-column3451_a3b5f9-05 > .kt-inside-inner-col:before{border-top-left-radius:0px;border-top-right-radius:0px;border-bottom-right-radius:0px;border-bottom-left-radius:0px;}.kadence-column3451_a3b5f9-05 > .kt-inside-inner-col{column-gap:var(--global-kb-gap-sm, 1rem);}.kadence-column3451_a3b5f9-05 > .kt-inside-inner-col{flex-direction:column;}.kadence-column3451_a3b5f9-05 > .kt-inside-inner-col > .aligncenter{width:100%;}.kadence-column3451_a3b5f9-05 > .kt-inside-inner-col:before{opacity:0.3;}.kadence-column3451_a3b5f9-05{position:relative;}@media all and (max-width: 1024px){.kadence-column3451_a3b5f9-05 > .kt-inside-inner-col{flex-direction:column;justify-content:center;}}@media all and (max-width: 767px){.kadence-column3451_a3b5f9-05 > .kt-inside-inner-col{flex-direction:column;justify-content:center;}}<\/style>\n<div class=\"wp-block-kadence-column kadence-column3451_a3b5f9-05\"><div class=\"kt-inside-inner-col\"><style>.kadence-column3451_d6512d-7f > .kt-inside-inner-col,.kadence-column3451_d6512d-7f > .kt-inside-inner-col:before{border-top-left-radius:0px;border-top-right-radius:0px;border-bottom-right-radius:0px;border-bottom-left-radius:0px;}.kadence-column3451_d6512d-7f > .kt-inside-inner-col{column-gap:var(--global-kb-gap-sm, 1rem);}.kadence-column3451_d6512d-7f > .kt-inside-inner-col{flex-direction:column;}.kadence-column3451_d6512d-7f > .kt-inside-inner-col > .aligncenter{width:100%;}.kadence-column3451_d6512d-7f > .kt-inside-inner-col:before{opacity:0.3;}.kadence-column3451_d6512d-7f{position:relative;}.kadence-column3451_d6512d-7f, .kt-inside-inner-col > .kadence-column3451_d6512d-7f:not(.specificity){margin-top:var(--global-kb-spacing-md, 2rem);margin-right:var(--global-kb-spacing-md, 2rem);margin-bottom:var(--global-kb-spacing-md, 2rem);}@media all and (max-width: 1024px){.kadence-column3451_d6512d-7f > .kt-inside-inner-col{flex-direction:column;justify-content:center;}}@media all and (max-width: 1024px){.kadence-column3451_d6512d-7f, .kt-inside-inner-col > .kadence-column3451_d6512d-7f:not(.specificity){margin-left:0px;}}@media all and (max-width: 767px){.kadence-column3451_d6512d-7f > .kt-inside-inner-col{flex-direction:column;justify-content:center;}.kadence-column3451_d6512d-7f, .kt-inside-inner-col > .kadence-column3451_d6512d-7f:not(.specificity){margin-left:var(--global-kb-spacing-md, 2rem);}}<\/style>\n<div class=\"wp-block-kadence-column kadence-column3451_d6512d-7f\"><div class=\"kt-inside-inner-col\">\n<h4 class=\"wp-block-heading\">Manuvision cuenta con una experiencia especializada en el tratamiento del trauma y el TEPT. Bas\u00e1ndonos en la investigaci\u00f3n y la evidencia, utilizamos t\u00e9cnicas de terapia corporal para ayudar a restablecer el equilibrio en el sistema nervioso.<\/h4>\n\n\n<style>.kb-image3451_5fcb7a-ce.kb-image-is-ratio-size, .kb-image3451_5fcb7a-ce .kb-image-is-ratio-size{max-width:849px;width:100%;}.wp-block-kadence-column > .kt-inside-inner-col > .kb-image3451_5fcb7a-ce.kb-image-is-ratio-size, .wp-block-kadence-column > .kt-inside-inner-col > .kb-image3451_5fcb7a-ce .kb-image-is-ratio-size{align-self:unset;}.kb-image3451_5fcb7a-ce{max-width:849px;}.image-is-svg.kb-image3451_5fcb7a-ce{-webkit-flex:0 1 100%;flex:0 1 100%;}.image-is-svg.kb-image3451_5fcb7a-ce img{width:100%;}.kb-image3451_5fcb7a-ce .kb-image-has-overlay:after{opacity:0.3;}<\/style>\n<figure class=\"wp-block-kadence-image kb-image3451_5fcb7a-ce size-large\"><img decoding=\"async\" width=\"1024\" height=\"682\" src=\"https:\/\/manuvision.es\/wp-content\/uploads\/Para-web_6-1024x682.jpg\" alt=\"\" class=\"kb-img wp-image-14418\" srcset=\"\" sizes=\"(max-width: 1024px) 100vw, 1024px\" data-srcset=\"\" \/><\/figure>\n\n\n\n<p>Las afecciones de salud mental como el estr\u00e9s, la ansiedad, la depresi\u00f3n y el TEPT suelen tener su origen en el trauma. En un tratamiento de Manuvision para el TEPT y el trauma, trabajamos con las respuestas del cuerpo al trauma a trav\u00e9s del sistema nervioso.<\/p>\n\n\n\n<p>Estimulamos la actividad de las partes del sistema nervioso que ayudan a mantener el cuerpo en equilibrio cuando est\u00e1 en estado de alerta. Cuando se activan las funciones vitales del sistema nervioso, la respiraci\u00f3n se vuelve m\u00e1s libre, aumenta la capacidad pulmonar, disminuye la frecuencia card\u00edaca y el cuerpo deja de consumir tanta energ\u00eda para movilizar los m\u00fasculos y hacer circular la adrenalina y el cortisol por el torrente sangu\u00edneo. Con un sistema nervioso equilibrado, el cuerpo tambi\u00e9n puede activar los procesos de recuperaci\u00f3n necesarios para sanarse a s\u00ed mismo.<\/p>\n\n\n<style>.wp-block-kadence-advancedbtn.kb-btns3451_e1d865-37{gap:var(--global-kb-gap-xs, 0.5rem );justify-content:flex-start;align-items:center;}.kt-btns3451_e1d865-37 .kt-button{font-weight:normal;font-style:normal;}.kt-btns3451_e1d865-37 .kt-btn-wrap-0{margin-right:5px;}.wp-block-kadence-advancedbtn.kt-btns3451_e1d865-37 .kt-btn-wrap-0 .kt-button{color:#555555;border-color:#555555;}.wp-block-kadence-advancedbtn.kt-btns3451_e1d865-37 .kt-btn-wrap-0 .kt-button:hover, .wp-block-kadence-advancedbtn.kt-btns3451_e1d865-37 .kt-btn-wrap-0 .kt-button:focus{color:#ffffff;border-color:#444444;}.wp-block-kadence-advancedbtn.kt-btns3451_e1d865-37 .kt-btn-wrap-0 .kt-button::before{display:none;}.wp-block-kadence-advancedbtn.kt-btns3451_e1d865-37 .kt-btn-wrap-0 .kt-button:hover, .wp-block-kadence-advancedbtn.kt-btns3451_e1d865-37 .kt-btn-wrap-0 .kt-button:focus{background:#444444;}<\/style>\n<div class=\"wp-block-kadence-advancedbtn kb-buttons-wrap kb-btns3451_e1d865-37\"><style>ul.menu .wp-block-kadence-advancedbtn .kb-btn3451_f0ec27-14.kb-button{width:initial;}<\/style><a class=\"kb-button kt-button button kb-btn3451_f0ec27-14 kt-btn-size-standard kt-btn-width-type-auto kb-btn-global-inherit  kt-btn-has-text-true kt-btn-has-svg-false  wp-block-button__link wp-block-kadence-singlebtn\" href=\"https:\/\/manuvision.es\/es\/find-your-therapist\/\"><span class=\"kt-btn-inner-text\">Encuentra un terapeuta especializado en trauma<\/span><\/a><\/div>\n\n\n\n<h2 class=\"wp-block-heading\">Tratamiento basado en la evidencia<\/h2>\n\n\n\n<p>La terapia corporal Manuvision ha sido objeto del primer proyecto de investigaci\u00f3n en Dinamarca sobre terapia corporal, llevado a cabo por el Statens Institut for Folkesundhed (SDU) (Instituto Nacional de Salud P\u00fablica) en colaboraci\u00f3n con Region Hovedstadens Psykiatri (Psiquiatr\u00eda de la Regi\u00f3n Capital). El estudio demuestra un efecto significativo de nuestro tratamiento para el TEPT.<\/p>\n\n\n\n<p>Por ello, Manuvision trabaja con un enfoque basado en la evidencia en el tratamiento del estr\u00e9s y el trauma, as\u00ed como de las afecciones f\u00edsicas y psicol\u00f3gicas que este puede provocar \u2014desde la depresi\u00f3n y la ansiedad hasta el TEPT.<\/p>\n\n\n\n<p>Leer m\u00e1s: <a href=\"\/es\/research-into-the-effects-of-manuvision-body-therapy\/\" data-type=\"page\" data-id=\"8776\">Research into treatment of PTSD<\/a><\/p>\n\n\n\n<h2 class=\"wp-block-heading\">\u00bfQu\u00e9 es el TEPT?<\/h2>\n\n\n\n<p>El TEPT \u2014o trastorno de estr\u00e9s postraum\u00e1tico\u2014 es una condici\u00f3n de estr\u00e9s que puede surgir tras haber vivido una situaci\u00f3n en la que la vida se sinti\u00f3 amenazada. Independientemente de lo que haya desencadenado la condici\u00f3n \u2014ya sea guerra, violaci\u00f3n, agresi\u00f3n, accidentes o experiencias dif\u00edciles en la infancia\u2014 el denominador com\u00fan es que el cuerpo queda atrapado en un estado traum\u00e1tico. Esto crea una base distorsionada en la forma en que la persona se relaciona con el mundo que la rodea.<\/p>\n\n\n\n<p>El TEPT tiene su origen en el trauma, y el trauma influye en la forma en que reaccionamos y nos relacionamos con nuestro entorno. El cuerpo est\u00e1 dise\u00f1ado para crear la mejor defensa posible ante el peligro, por lo que, si ha vivido una situaci\u00f3n que amenaza la vida, todos los mecanismos de supervivencia se activan. Este estado de alerta puede manifestarse como inquietud, pensamientos acelerados, dificultades de memoria, aislamiento social, alteraciones del sue\u00f1o, pesadillas, ansiedad, depresi\u00f3n, mareos, falta de aire, problemas digestivos y dolor muscular y articular.<\/p>\n\n\n\n<p>Muchas personas experimentan flashbacks de los eventos que desencadenaron el TEPT, sufren pesadillas y desarrollan una gran sensibilidad a los est\u00edmulos sensoriales, lo que dificulta su funcionamiento en la vida diaria o en entornos sociales. Para muchos, esto tambi\u00e9n implica sentimientos de verg\u00fcenza, culpa e insuficiencia, que pueden conducir al aislamiento social y a la depresi\u00f3n.<\/p>\n\n\n\n<h2 class=\"wp-block-heading\">\u00bfC\u00f3mo tratamos el trauma y el TEPT?<\/h2>\n\n\n\n<p>En resumen, un tratamiento de Manuvision aborda el trauma a trav\u00e9s del cuerpo y fortaleciendo la capacidad del sistema nervioso para autorregularse. En el libro \u201cCuando el cuerpo est\u00e1 en guerra\u201d explicamos en detalle nuestro enfoque del tratamiento del trauma.<\/p>\n\n\n\n<p>El trauma altera de forma fundamental la capacidad de autorregular los impulsos y las emociones y, en consecuencia, la capacidad de responder de manera adecuada en las relaciones. En el tratamiento, trabajamos la regulaci\u00f3n del sistema nervioso. Al guiar la atenci\u00f3n hacia el cuerpo y liberar emociones reprimidas, ayudamos a las personas afectadas por el trauma a entrenar su autorregulaci\u00f3n, permiti\u00e9ndoles obtener un mayor control sobre los impulsos y las respuestas autom\u00e1ticas de su sistema nervioso.<\/p>\n\n\n\n<h4 class=\"wp-block-heading has-theme-palette-9-color has-theme-palette-2-background-color has-text-color has-background has-link-color wp-elements-66494a97a67d5dcae0ca1ea538895b9f\">Desde 2020, ofrecemos un programa avanzado en el tratamiento del shock y el trauma, en el que formamos a\u00fan m\u00e1s a los terapeutas corporales de Manuvision para especializarse en el tratamiento del trauma grave y el TEPT. Puedes encontrar a nuestros especialistas <strong><a href=\"https:\/\/manuvision.es\/es\/find-your-therapist\/\" data-type=\"page\" data-id=\"14186\">TERAPEUTA DE SHOCK \/ TRAUMA AQU\u00cd<\/a><\/strong><\/h4>\n<\/div><\/div>\n<\/div><\/div>\n\n\n<style>.kadence-column3451_d671f5-e7 > .kt-inside-inner-col{padding-top:var(--global-kb-spacing-lg, 3rem);padding-right:var(--global-kb-spacing-md, 2rem);padding-bottom:var(--global-kb-spacing-lg, 3rem);padding-left:var(--global-kb-spacing-md, 2rem);}.kadence-column3451_d671f5-e7 > .kt-inside-inner-col,.kadence-column3451_d671f5-e7 > .kt-inside-inner-col:before{border-top-left-radius:0px;border-top-right-radius:0px;border-bottom-right-radius:0px;border-bottom-left-radius:0px;}.kadence-column3451_d671f5-e7 > .kt-inside-inner-col{column-gap:var(--global-kb-gap-sm, 1rem);}.kadence-column3451_d671f5-e7 > .kt-inside-inner-col{flex-direction:column;}.kadence-column3451_d671f5-e7 > .kt-inside-inner-col > .aligncenter{width:100%;}.kadence-column3451_d671f5-e7 > .kt-inside-inner-col{background-color:var(--global-palette8, #F7FAFC);}.kadence-column3451_d671f5-e7 > .kt-inside-inner-col:before{opacity:0.3;}.kadence-column3451_d671f5-e7{position:relative;}@media all and (max-width: 1024px){.kadence-column3451_d671f5-e7 > .kt-inside-inner-col{flex-direction:column;justify-content:center;}}@media all and (max-width: 767px){.kadence-column3451_d671f5-e7 > .kt-inside-inner-col{flex-direction:column;justify-content:center;}}<\/style>\n<div class=\"wp-block-kadence-column kadence-column3451_d671f5-e7\"><div class=\"kt-inside-inner-col\"><style>.kb-row-layout-id9106_cfd9a7-71 > .kt-row-column-wrap{align-content:start;}:where(.kb-row-layout-id9106_cfd9a7-71 > .kt-row-column-wrap) > .wp-block-kadence-column{justify-content:start;}.kb-row-layout-id9106_cfd9a7-71 > .kt-row-column-wrap{column-gap:var(--global-kb-gap-sm, 1rem);row-gap:var(--global-kb-gap-sm, 1rem);max-width:var( --global-content-width, 1350px );padding-left:var(--global-content-edge-padding);padding-right:var(--global-content-edge-padding);padding-top:0px;padding-right:0px;padding-bottom:0px;padding-left:0px;grid-template-columns:minmax(0, 1fr);}.kb-row-layout-id9106_cfd9a7-71 > .kt-row-layout-overlay{opacity:0.30;}@media all and (max-width: 1024px){.kb-row-layout-id9106_cfd9a7-71 > .kt-row-column-wrap{column-gap:var(--global-kb-gap-sm, 1rem);row-gap:var(--global-kb-gap-sm, 1rem);padding-top:0px;padding-bottom:0px;grid-template-columns:minmax(0, 1fr);}}@media all and (max-width: 767px){.kb-row-layout-id9106_cfd9a7-71 > .kt-row-column-wrap{column-gap:var(--global-kb-gap-sm, 1rem);row-gap:var(--global-kb-gap-sm, 1rem);padding-top:0px;padding-bottom:0px;grid-template-columns:minmax(0, 1fr);}}<\/style><div class=\"kb-row-layout-wrap kb-row-layout-id9106_cfd9a7-71 alignnone wp-block-kadence-rowlayout\"><div class=\"kt-row-column-wrap kt-has-1-columns kt-row-layout-equal kt-tab-layout-inherit kt-mobile-layout-row kt-row-valign-top kb-theme-content-width\">\n<style>.kadence-column9106_81fdf8-02 > .kt-inside-inner-col,.kadence-column9106_81fdf8-02 > .kt-inside-inner-col:before{border-top-left-radius:0px;border-top-right-radius:0px;border-bottom-right-radius:0px;border-bottom-left-radius:0px;}.kadence-column9106_81fdf8-02 > .kt-inside-inner-col{column-gap:var(--global-kb-gap-sm, 1rem);}.kadence-column9106_81fdf8-02 > .kt-inside-inner-col{flex-direction:column;}.kadence-column9106_81fdf8-02 > .kt-inside-inner-col > .aligncenter{width:100%;}.kadence-column9106_81fdf8-02 > .kt-inside-inner-col:before{opacity:0.3;}.kadence-column9106_81fdf8-02{position:relative;}@media all and (max-width: 1024px){.kadence-column9106_81fdf8-02 > .kt-inside-inner-col{flex-direction:column;justify-content:center;}}@media all and (max-width: 767px){.kadence-column9106_81fdf8-02 > .kt-inside-inner-col{flex-direction:column;justify-content:center;}}<\/style>\n<div class=\"wp-block-kadence-column kadence-column9106_81fdf8-02\"><div class=\"kt-inside-inner-col\"><style>.kb-image9106_bdce4a-63 .kb-image-has-overlay:after{opacity:0.3;}<\/style>\n<figure class=\"wp-block-kadence-image kb-image9106_bdce4a-63 size-large\"><img decoding=\"async\" width=\"1024\" height=\"320\" src=\"https:\/\/manuvision.dk\/wp-content\/uploads\/Kropsterapi_h\u251c\u00a9jre_banner-1024x320.jpg\" alt=\"\" class=\"kb-img wp-image-9681\" srcset=\"\" sizes=\"(max-width: 1024px) 100vw, 1024px\" data-srcset=\"\" \/><\/figure>\n\n\n\n<h3 class=\"wp-block-heading\">Tratamos en muchos pa\u00edses.<\/h3>\n\n\n\n<p>Puedes leer sobre la experiencia y competencias de los terapeutas individuales y encontrar el\/la <a href=\"https:\/\/manuvision.es\/es\/find-your-therapist\/\" data-type=\"page\" data-id=\"14186\">Terapeuta de Manuvision<\/a>, que se adapta a tus necesidades.<\/p>\n\n\n<style>.kb-image9106_84418b-39 .kb-image-has-overlay:after{opacity:0.3;}<\/style>\n<figure class=\"wp-block-kadence-image kb-image9106_84418b-39 size-full\"><img decoding=\"async\" width=\"2000\" height=\"1333\" src=\"https:\/\/manuvision.es\/wp-content\/uploads\/Para-web_13.jpg\" alt=\"\" class=\"kb-img wp-image-14279\" srcset=\"https:\/\/manuvision.es\/wp-content\/uploads\/Para-web_13.jpg 2000w, https:\/\/manuvision.es\/wp-content\/uploads\/Para-web_13-300x200.jpg 300w, https:\/\/manuvision.es\/wp-content\/uploads\/Para-web_13-1024x682.jpg 1024w, https:\/\/manuvision.es\/wp-content\/uploads\/Para-web_13-768x512.jpg 768w, https:\/\/manuvision.es\/wp-content\/uploads\/Para-web_13-1536x1024.jpg 1536w, https:\/\/manuvision.es\/wp-content\/uploads\/Para-web_13-18x12.jpg 18w\" sizes=\"(max-width: 2000px) 100vw, 2000px\" \/><\/figure>\n\n\n<style>.wp-block-kadence-advancedbtn.kb-btns9106_2017b6-7f{gap:var(--global-kb-gap-xs, 0.5rem );justify-content:flex-start;align-items:center;}.kt-btns9106_2017b6-7f .kt-button{font-weight:normal;font-style:normal;}.kt-btns9106_2017b6-7f .kt-btn-wrap-0{margin-right:5px;}.wp-block-kadence-advancedbtn.kt-btns9106_2017b6-7f .kt-btn-wrap-0 .kt-button{color:#555555;border-color:#555555;}.wp-block-kadence-advancedbtn.kt-btns9106_2017b6-7f .kt-btn-wrap-0 .kt-button:hover, .wp-block-kadence-advancedbtn.kt-btns9106_2017b6-7f .kt-btn-wrap-0 .kt-button:focus{color:#ffffff;border-color:#444444;}.wp-block-kadence-advancedbtn.kt-btns9106_2017b6-7f .kt-btn-wrap-0 .kt-button::before{display:none;}.wp-block-kadence-advancedbtn.kt-btns9106_2017b6-7f .kt-btn-wrap-0 .kt-button:hover, .wp-block-kadence-advancedbtn.kt-btns9106_2017b6-7f .kt-btn-wrap-0 .kt-button:focus{background:#444444;}<\/style>\n<div class=\"wp-block-kadence-advancedbtn kb-buttons-wrap kb-btns9106_2017b6-7f\"><style>ul.menu .wp-block-kadence-advancedbtn .kb-btn9106_19f907-40.kb-button{width:initial;}.kb-btn9106_19f907-40.kb-button .kb-svg-icon-wrap{font-size:28px;--kb-button-icon-size:28px;}<\/style><a class=\"kb-button kt-button button kb-btn9106_19f907-40 kt-btn-size-standard kt-btn-width-type-full kb-btn-global-inherit  kt-btn-has-text-true kt-btn-has-svg-false  wp-block-button__link wp-block-kadence-singlebtn\" href=\"https:\/\/manuvision.es\/es\/find-your-therapist\/\"><span class=\"kt-btn-inner-text\">Encuentra a tu TERAPEUTA<\/span><\/a><\/div>\n\n\n<style>.kb-image9106_f73c41-90 .kb-image-has-overlay:after{opacity:0.3;}<\/style>\n<figure class=\"wp-block-kadence-image kb-image9106_f73c41-90 size-large\"><img decoding=\"async\" width=\"1024\" height=\"320\" src=\"https:\/\/manuvision.es\/wp-content\/uploads\/HEADER_WEB4-2048x640-1-1024x320.png\" alt=\"\" class=\"kb-img wp-image-14038\" srcset=\"\" sizes=\"(max-width: 1024px) 100vw, 1024px\" data-srcset=\"\" \/><\/figure>\n\n\n\n<p>La terapia corporal Manuvision ha sido el foco del primer proyecto de investigaci\u00f3n en terapia corporal en Dinamarca, realizado por el Instituto Nacional de Salud P\u00fablica (SDU) en colaboraci\u00f3n con la Psiquiatr\u00eda de la Regi\u00f3n Capital de Dinamarca. Los resultados de la investigaci\u00f3n muestran que 6 meses de terapia corporal Manuvision pueden reducir o eliminar por completo los s\u00edntomas de TEPT en veteranos de guerra con TEPT. Leer m\u00e1s: <a href=\"\/es\/research-into-the-effects-of-manuvision-body-therapy\/\" data-type=\"page\" data-id=\"8776\">Investigaci\u00f3n sobre la terapia corporal Manuvision<\/a><\/p>\n\n\n<style>.wp-block-kadence-image.kb-image9106_5f1df9-94:not(.kb-specificity-added):not(.kb-extra-specificity-added){margin-top:var(--global-kb-spacing-md, 2rem);}.kb-image9106_5f1df9-94 .kb-image-has-overlay:after{opacity:0.3;}<\/style>\n<figure class=\"wp-block-kadence-image kb-image9106_5f1df9-94 size-full\"><img decoding=\"async\" width=\"600\" height=\"800\" src=\"https:\/\/manuvision.dk\/wp-content\/uploads\/podcast.jpg\" alt=\"\" class=\"kb-img wp-image-9749\" srcset=\"\" sizes=\"(max-width: 600px) 100vw, 600px\" data-srcset=\"\" \/><\/figure>\n\n\n\n<h3 class=\"wp-block-heading\">Podcast sobre terapia corporal<\/h3>\n\n\n\n<p>Manuvision publica podcasts donde profundizamos en temas que exploran la conexi\u00f3n entre cuerpo y mente, y hablamos sobre nuestra educaci\u00f3n y formaci\u00f3n continua. Actualmente estamos trabajando en la traducci\u00f3n de algunos de estos interesantes podcasts para ti.<\/p>\n\n\n<style>.wp-block-kadence-image.kb-image9106_555f28-64:not(.kb-specificity-added):not(.kb-extra-specificity-added){margin-top:var(--global-kb-spacing-md, 2rem);}.kb-image9106_555f28-64 .kb-image-has-overlay:after{opacity:0.3;}<\/style>\n<figure class=\"wp-block-kadence-image kb-image9106_555f28-64 size-large\"><img decoding=\"async\" width=\"768\" height=\"1024\" src=\"https:\/\/manuvision.dk\/wp-content\/uploads\/Nar_kroppen_er_i_krig-768x1024.jpg\" alt=\"\" class=\"kb-img wp-image-10924\" srcset=\"\" sizes=\"(max-width: 768px) 100vw, 768px\" data-srcset=\"\" \/><\/figure>\n\n\n\n<h2 class=\"wp-block-heading\">Libro sobre tratamiento del trauma<\/h2>\n\n\n\n<p>En el libro \u201cCuando el cuerpo est\u00e1 en guerra\u201d reunimos los hilos de 25 a\u00f1os de pr\u00e1ctica en tratamiento con las experiencias del proyecto de investigaci\u00f3n sobre el efecto de la terapia corporal Manuvision frente al TEPT, realizado por el Instituto Dan\u00e9s de Salud P\u00fablica (SDU). Presentamos nuestro trabajo con la conciencia relacional y corporal, as\u00ed como los principios y t\u00e9cnicas que pueden regular el equilibrio del sistema nervioso y generar cambios en personas expuestas a trauma. Tambi\u00e9n estamos trabajando en la traducci\u00f3n de \u201cCuando el cuerpo est\u00e1 en guerra\u201d.<\/p>\n\n\n<style>.wp-block-kadence-advancedbtn.kb-btns9106_346142-4a{gap:var(--global-kb-gap-xs, 0.5rem );justify-content:flex-start;align-items:center;}.kt-btns9106_346142-4a .kt-button{font-weight:normal;font-style:normal;}.kt-btns9106_346142-4a .kt-btn-wrap-0{margin-right:5px;}.wp-block-kadence-advancedbtn.kt-btns9106_346142-4a .kt-btn-wrap-0 .kt-button{color:#555555;border-color:#555555;}.wp-block-kadence-advancedbtn.kt-btns9106_346142-4a .kt-btn-wrap-0 .kt-button:hover, .wp-block-kadence-advancedbtn.kt-btns9106_346142-4a .kt-btn-wrap-0 .kt-button:focus{color:#ffffff;border-color:#444444;}.wp-block-kadence-advancedbtn.kt-btns9106_346142-4a .kt-btn-wrap-0 .kt-button::before{display:none;}.wp-block-kadence-advancedbtn.kt-btns9106_346142-4a .kt-btn-wrap-0 .kt-button:hover, .wp-block-kadence-advancedbtn.kt-btns9106_346142-4a .kt-btn-wrap-0 .kt-button:focus{background:#444444;}<\/style>\n<div class=\"wp-block-kadence-advancedbtn kb-buttons-wrap kb-btns9106_346142-4a\"><style>ul.menu .wp-block-kadence-advancedbtn .kb-btn9106_fdc0a0-23.kb-button{width:initial;}.kb-btn9106_fdc0a0-23.kb-button .kb-svg-icon-wrap{font-size:28px;--kb-button-icon-size:28px;}<\/style><a class=\"kb-button kt-button button kb-btn9106_fdc0a0-23 kt-btn-size-standard kt-btn-width-type-full kb-btn-global-inherit  kt-btn-has-text-true kt-btn-has-svg-false  wp-block-button__link wp-block-kadence-singlebtn\" href=\"https:\/\/manuvision.es\/es\/find-your-therapist\/\"><span class=\"kt-btn-inner-text\">Reservar un tratamiento<\/span><\/a><\/div>\n<\/div><\/div>\n\n<\/div><\/div><\/div><\/div>\n\n<\/div><\/div>","protected":false},"excerpt":{"rendered":"<p>Manuvision has specialized expertise in the treatment of trauma and PTSD. Based on research and evidence, we use body-therapeutic techniques to help restore balance in the nervous system. Mental health&#8230;<\/p>","protected":false},"author":3,"featured_media":0,"parent":0,"menu_order":0,"comment_status":"closed","ping_status":"closed","template":"","meta":{"_acf_changed":false,"inline_featured_image":false,"_kad_blocks_custom_css":"","_kad_blocks_head_custom_js":"","_kad_blocks_body_custom_js":"","_kad_blocks_footer_custom_js":"","_kad_post_transparent":"","_kad_post_title":"","_kad_post_layout":"","_kad_post_sidebar_id":"","_kad_post_content_style":"","_kad_post_vertical_padding":"","_kad_post_feature":"","_kad_post_feature_position":"","_kad_post_header":false,"_kad_post_footer":false,"_kad_post_classname":"","footnotes":""},"class_list":["post-3451","page","type-page","status-publish","hentry"],"acf":[],"taxonomy_info":[],"featured_image_src_large":false,"author_info":{"display_name":"Manuvision","author_link":"https:\/\/manuvision.es\/es\/author\/manuvision\/"},"comment_info":0,"_links":{"self":[{"href":"https:\/\/manuvision.es\/es\/wp-json\/wp\/v2\/pages\/3451","targetHints":{"allow":["GET"]}}],"collection":[{"href":"https:\/\/manuvision.es\/es\/wp-json\/wp\/v2\/pages"}],"about":[{"href":"https:\/\/manuvision.es\/es\/wp-json\/wp\/v2\/types\/page"}],"author":[{"embeddable":true,"href":"https:\/\/manuvision.es\/es\/wp-json\/wp\/v2\/users\/3"}],"replies":[{"embeddable":true,"href":"https:\/\/manuvision.es\/es\/wp-json\/wp\/v2\/comments?post=3451"}],"version-history":[{"count":47,"href":"https:\/\/manuvision.es\/es\/wp-json\/wp\/v2\/pages\/3451\/revisions"}],"predecessor-version":[{"id":14943,"href":"https:\/\/manuvision.es\/es\/wp-json\/wp\/v2\/pages\/3451\/revisions\/14943"}],"wp:attachment":[{"href":"https:\/\/manuvision.es\/es\/wp-json\/wp\/v2\/media?parent=3451"}],"curies":[{"name":"wp","href":"https:\/\/api.w.org\/{rel}","templated":true}]}}